{"id":160,"date":"2009-10-12T14:37:27","date_gmt":"2009-10-12T14:37:27","guid":{"rendered":"https:\/\/puertadeordesa.com?page_id=160"},"modified":"2018-04-19T10:34:46","modified_gmt":"2018-04-19T10:34:46","slug":"situation","status":"publish","type":"page","link":"https:\/\/puertadeordesa.com\/fr\/situation\/","title":{"rendered":"Situation"},"content":{"rendered":"<p>[et_pb_section bb_built=\u00a0\u00bb1&Prime; fullwidth=\u00a0\u00bbon\u00a0\u00bb specialty=\u00a0\u00bboff\u00a0\u00bb][et_pb_fullwidth_slider admin_label=\u00a0\u00bbControl deslizante de anchura completa &#8211; situacion\u00a0\u00bb _builder_version=\u00a0\u00bb3.0.90&Prime; show_arrows=\u00a0\u00bbon\u00a0\u00bb show_pagination=\u00a0\u00bbon\u00a0\u00bb show_inner_shadow=\u00a0\u00bbon\u00a0\u00bb custom_button=\u00a0\u00bboff\u00a0\u00bb button_icon_placement=\u00a0\u00bbright\u00a0\u00bb show_content_on_mobile=\u00a0\u00bbon\u00a0\u00bb show_cta_on_mobile=\u00a0\u00bbon\u00a0\u00bb show_image_video_mobile=\u00a0\u00bboff\u00a0\u00bb saved_tabs=\u00a0\u00bball\u00a0\u00bb]<\/p>\n<p>[et_pb_slide _builder_version=\u00a0\u00bb3.0.90&Prime; use_background_color_gradient=\u00a0\u00bboff\u00a0\u00bb background_color_gradient_start=\u00a0\u00bb#2b87da\u00a0\u00bb background_color_gradient_end=\u00a0\u00bb#29c4a9&Prime; background_color_gradient_type=\u00a0\u00bblinear\u00a0\u00bb background_color_gradient_direction=\u00a0\u00bb180deg\u00a0\u00bb background_color_gradient_direction_radial=\u00a0\u00bbcenter\u00a0\u00bb background_color_gradient_start_position=\u00a0\u00bb0%\u00a0\u00bb background_color_gradient_end_position=\u00a0\u00bb100%\u00a0\u00bb background_color_gradient_overlays_image=\u00a0\u00bboff\u00a0\u00bb background_image=\u00a0\u00bbhttps:\/\/puertadeordesa.com\/wp-content\/uploads\/2015\/02\/Fin-de-semana-amigos-68.jpg\u00a0\u00bb parallax=\u00a0\u00bboff\u00a0\u00bb parallax_method=\u00a0\u00bbon\u00a0\u00bb background_size=\u00a0\u00bbcover\u00a0\u00bb background_position=\u00a0\u00bbcenter\u00a0\u00bb background_repeat=\u00a0\u00bbno-repeat\u00a0\u00bb background_blend=\u00a0\u00bbnormal\u00a0\u00bb allow_player_pause=\u00a0\u00bboff\u00a0\u00bb use_bg_overlay=\u00a0\u00bboff\u00a0\u00bb use_text_overlay=\u00a0\u00bboff\u00a0\u00bb text_border_radius=\u00a0\u00bb3&Prime; alignment=\u00a0\u00bbcenter\u00a0\u00bb background_layout=\u00a0\u00bbdark\u00a0\u00bb \/][et_pb_slide _builder_version=\u00a0\u00bb3.0.90&Prime; use_background_color_gradient=\u00a0\u00bboff\u00a0\u00bb background_color_gradient_start=\u00a0\u00bb#2b87da\u00a0\u00bb background_color_gradient_end=\u00a0\u00bb#29c4a9&Prime; background_color_gradient_type=\u00a0\u00bblinear\u00a0\u00bb background_color_gradient_direction=\u00a0\u00bb180deg\u00a0\u00bb background_color_gradient_direction_radial=\u00a0\u00bbcenter\u00a0\u00bb background_color_gradient_start_position=\u00a0\u00bb0%\u00a0\u00bb background_color_gradient_end_position=\u00a0\u00bb100%\u00a0\u00bb background_color_gradient_overlays_image=\u00a0\u00bboff\u00a0\u00bb background_image=\u00a0\u00bbhttps:\/\/puertadeordesa.com\/wp-content\/uploads\/2014\/01\/DSC01689.JPG\u00a0\u00bb parallax=\u00a0\u00bboff\u00a0\u00bb parallax_method=\u00a0\u00bbon\u00a0\u00bb background_size=\u00a0\u00bbcover\u00a0\u00bb background_position=\u00a0\u00bbcenter\u00a0\u00bb background_repeat=\u00a0\u00bbno-repeat\u00a0\u00bb background_blend=\u00a0\u00bbnormal\u00a0\u00bb allow_player_pause=\u00a0\u00bboff\u00a0\u00bb use_bg_overlay=\u00a0\u00bboff\u00a0\u00bb use_text_overlay=\u00a0\u00bboff\u00a0\u00bb text_border_radius=\u00a0\u00bb3&Prime; alignment=\u00a0\u00bbcenter\u00a0\u00bb background_layout=\u00a0\u00bbdark\u00a0\u00bb \/]<\/p>\n<p>[\/et_pb_fullwidth_slider][\/et_pb_section][et_pb_section bb_built=\u00a0\u00bb1&Prime;][et_pb_row][et_pb_column type=\u00a0\u00bb4_4&Prime;][et_pb_text _builder_version=\u00a0\u00bb3.0.90&Prime; background_layout=\u00a0\u00bblight\u00a0\u00bb]<\/p>\n<div align=\"center\"><\/div>\n<p class=\"rtecenter\"><strong>G\u00eetes ruraux Puerta de Ordesa (appartements et villas)<\/strong><\/p>\n<div align=\"justify\">\n<p>Laspu\u00f1a, village \u00e0 la situation privil\u00e9gi\u00e9e, jouit d\u2019un excellent climat et de paysages \u00e0 la beaut\u00e9 in\u00e9galable: connue comme Balcon des Pyr\u00e9n\u00e9es, elle a une vue merveilleuse sur le Mont Perdu.<\/p>\n<p><!--more--><\/p>\n<div align=\"center\"><strong>\u00a0<\/strong><\/div>\n<p class=\"rtecenter\"><strong>G\u00eetes ruraux Puerta de Ordesa (appartements et villas)<\/strong><\/p>\n<div align=\"justify\">\n<p>Laspu\u00f1a, village \u00e0 la situation privil\u00e9gi\u00e9e, jouit d\u2019un excellent climat et de paysages \u00e0 la beaut\u00e9 in\u00e9galable: connue comme Balcon des Pyr\u00e9n\u00e9es, elle a une vue merveilleuse sur le Mont Perdu.<\/p>\n<p>Ce charmant village des montagnes aragonaises se trouve \u00e0 720m d\u2019altitude, perch\u00e9 sur un plateau au-dessus de la rivi\u00e8re Cinca et au pied de la montagne Pe\u00f1a Monta\u00f1esa. Cette situation fait que son climat soit doux toute l\u2019ann\u00e9e. C\u2019 est l\u2019un des points de d\u00e9part de randonn\u00e9es et de visites du Parc National du Mont Perdu et du Parc Naturel de Sierra de Guara.<\/p>\n<p>Laspu\u00f1a est c\u00e9l\u00e8bre pour sa descente de nabatas, activit\u00e9 au charact\u00e8re festif et revendiquant la conservation des traditions populaires pyr\u00e9n\u00e9ennes. La descente a lieu un week-end du mois de mai.<\/p>\n<\/div>\n<\/div>\n<p>[\/et_pb_text][\/et_pb_column][\/et_pb_row][\/et_pb_section]<\/p>\n","protected":false},"excerpt":{"rendered":"<p><div class=\"et_pb_row et_pb_row_0 et_pb_row_empty\">\n\t\t\t\t\n\t\t\t\t\n\t\t\t\t\n\t\t\t\t\n\t\t\t\t\n\t\t\t<\/div> G\u00eetes ruraux Puerta de Ordesa (appartements et villas) Laspu\u00f1a, village \u00e0 la situation privil\u00e9gi\u00e9e, jouit d\u2019un excellent climat et de paysages \u00e0 la beaut\u00e9 in\u00e9galable: connue comme Balcon des Pyr\u00e9n\u00e9es, elle a une vue merveilleuse sur le Mont Perdu. \u00a0 G\u00eetes ruraux Puerta de Ordesa (appartements et villas) Laspu\u00f1a, village \u00e0 la situation privil\u00e9gi\u00e9e, [&hellip;]<\/p>\n","protected":false},"author":1,"featured_media":0,"parent":0,"menu_order":0,"comment_status":"closed","ping_status":"open","template":"","meta":{"_et_pb_use_builder":"on","_et_pb_old_content":"<p class=\"rtecenter\"><span style=\"font-size: 14px;\"><strong>PIRINEOS, PARQUE NACIONAL DE ORDESA Y MONTE PERDIDO, VALLE DE ORDESA, CA\u00d1\u00d3N DE A\u00d1ISCLO, VALLE DE PINETA, VALLE DE GISTAIN, AINSA ES NUESTRO ENTORNO<\/strong><\/span><\/p><div align=\"justify\"><div align=\"justify\"><p>En los Pirineos est\u00e1 ubicado Laspu\u00f1a, un pueblo con encanto conocido como Balc\u00f3n del Pirineo por sus espectaculares vistas, un mirador al macizo de Monte Perdido es uno de los sitios m\u00e1s bellos de la zona.<\/p><p class=\"rtecenter\"><span style=\"font-size: 14px;\"><strong>PIRINEOS, PARQUE NACIONAL DE ORDESA Y MONTE PERDIDO, VALLE DE ORDESA, CA\u00d1\u00d3N DE A\u00d1ISCLO, VALLE DE PINETA, VALLE DE GISTAIN, AINSA ES NUESTRO ENTORNO<\/strong><\/span><\/p><div align=\"justify\"><div align=\"justify\"><p>En los Pirineos est\u00e1 ubicado Laspu\u00f1a, un pueblo con encanto conocido como Balc\u00f3n del Pirineo por sus espectaculares vistas, un mirador al macizo de Monte Perdido es uno de los sitios m\u00e1s bellos de la zona.<\/p><p>Laspu\u00f1a tiene microclima, el emplazamiento al pie de la Pe\u00f1a Monta\u00f1esa, estar en una meseta sobre el r\u00edo Cinca y rodeada por el macizo de Monte Perdido entre otros favorecen un clima suave durante todo el a\u00f1o.<br \/> Tambi\u00e9n se considera el pueblo como uno de los puntos de partida para realizar todas las excursiones, senderismo, rutas y actividades de aventura.<\/p><p><img class=\"aligncenter wp-image-133 size-full\" style=\"width: 618px; height: 885px;\" src=\"https:\/\/puertadeordesa.com\/wp-content\/uploads\/2008\/10\/MAPA-SOBRARBE_1.jpg\" alt=\"\" width=\"419\" height=\"600\" \/><\/p><p>La fiesta m\u00e1s conocida de Laspu\u00f1a es el Descenso de Navatas que se celebra uno de los fines de semana de mayo.<\/p><\/div><div align=\"justify\"><p>Parque Nacional de Ordesa, rey de los Pirineos. Puerta de Ordesa est\u00e1 en el centro de la comarca de Sobrarbe y a una distancia corta de las tres entradas del Parque Nacional, Valle y Ca\u00f1\u00f3n de A\u00f1isclo, Valle de Pineta, y Valle de Ordesa.<br \/> El Parque de Ordesa es uno de los nueve parques nacionales espa\u00f1oles con una superficie de casi 16000 hect\u00e1reas cuando incorpor\u00f3 hace unos a\u00f1os las \u00e1reas del Ca\u00f1on de A\u00f1isclo, Garganta de Escua\u00edn y el Macizo de Monte Perdido.<\/p><p>Ainsa es el pueblo m\u00e1s importante de la comarca de Sobrarbe, y de los m\u00e1s bellos de los Pirineos, contando con casi 2300 habitantes. Es un pueblo medieval caracterizado por su casco antiguo rom\u00e1nico considerado una joya y declarado como Monumento Nacional. La plaza de A\u00ednsa (de los siglos XII y XIII) es una de las m\u00e1s preciosas de Espa\u00f1a y por su estructura porticada se convierte en el escenario ideal para mercados y ferias.<\/p><p>Visitar los Pirineos y, en concreto el Parque Nacional de Ordesa y Monte Perdido es una maravilla que no te puedes perder.<\/p><\/div><\/div><p style=\"text-align: center;\">\u00a0<\/p><\/div><\/div>","_et_gb_content_width":"","footnotes":""},"class_list":["post-160","page","type-page","status-publish","hentry"],"_links":{"self":[{"href":"https:\/\/puertadeordesa.com\/fr\/wp-json\/wp\/v2\/pages\/160","targetHints":{"allow":["GET"]}}],"collection":[{"href":"https:\/\/puertadeordesa.com\/fr\/wp-json\/wp\/v2\/pages"}],"about":[{"href":"https:\/\/puertadeordesa.com\/fr\/wp-json\/wp\/v2\/types\/page"}],"author":[{"embeddable":true,"href":"https:\/\/puertadeordesa.com\/fr\/wp-json\/wp\/v2\/users\/1"}],"replies":[{"embeddable":true,"href":"https:\/\/puertadeordesa.com\/fr\/wp-json\/wp\/v2\/comments?post=160"}],"version-history":[{"count":3,"href":"https:\/\/puertadeordesa.com\/fr\/wp-json\/wp\/v2\/pages\/160\/revisions"}],"predecessor-version":[{"id":1871,"href":"https:\/\/puertadeordesa.com\/fr\/wp-json\/wp\/v2\/pages\/160\/revisions\/1871"}],"wp:attachment":[{"href":"https:\/\/puertadeordesa.com\/fr\/wp-json\/wp\/v2\/media?parent=160"}],"curies":[{"name":"wp","href":"https:\/\/api.w.org\/{rel}","templated":true}]}}