{"id":138,"date":"2009-10-12T11:22:08","date_gmt":"2009-10-12T11:22:08","guid":{"rendered":"https:\/\/puertadeordesa.com?page_id=138"},"modified":"2009-10-12T11:22:08","modified_gmt":"2009-10-12T11:22:08","slug":"gites-ruraux-a-laspuna-puerta-de-ordesa","status":"publish","type":"page","link":"https:\/\/puertadeordesa.com\/fr\/gites-ruraux-a-laspuna-puerta-de-ordesa\/","title":{"rendered":"G\u00eetes ruraux \u00e0 Laspu\u00f1a Puerta de Ordesa"},"content":{"rendered":"<p><img loading=\"lazy\" decoding=\"async\" class=\" alignleft size-full wp-image-57\" hspace=\"5\" height=\"152\" border=\"3\" align=\"left\" width=\"202\" vspace=\"5\" src=\"https:\/\/puertadeordesa.com\/wp-content\/uploads\/2008\/10\/INAUGURACI__N_ERA_025.jpg\" alt=\"\" \/> &nbsp;<img loading=\"lazy\" decoding=\"async\" class=\" alignleft size-full wp-image-60\" hspace=\"5\" height=\"152\" border=\"3\" align=\"left\" width=\"202\" vspace=\"5\" style=\"\" alt=\"\" src=\"https:\/\/puertadeordesa.com\/wp-content\/uploads\/2008\/10\/DSCN4332.jpg\" \/><\/p>\n<p>&nbsp;<\/p>\n<p>&nbsp;<\/p>\n<p>&nbsp;<\/p>\n<p>&nbsp;<\/p>\n<p>&nbsp;<\/p>\n<p>&nbsp;<\/p>\n<p>&nbsp;<\/p>\n<p>Appartements Puerta de Ordesa &ndash; G&icirc;tes ruraux Laspu&ntilde;a<\/p>\n<p><!--more--><\/p>\n<p><img loading=\"lazy\" decoding=\"async\" class=\" alignleft size-full wp-image-57\" hspace=\"5\" height=\"152\" border=\"3\" align=\"left\" width=\"202\" vspace=\"5\" src=\"https:\/\/puertadeordesa.com\/wp-content\/uploads\/2008\/10\/INAUGURACI__N_ERA_025.jpg\" alt=\"\" \/> &nbsp;<img loading=\"lazy\" decoding=\"async\" class=\" alignleft size-full wp-image-60\" hspace=\"5\" height=\"152\" border=\"3\" align=\"left\" width=\"202\" vspace=\"5\" style=\"\" alt=\"\" src=\"https:\/\/puertadeordesa.com\/wp-content\/uploads\/2008\/10\/DSCN4332.jpg\" \/><\/p>\n<p>&nbsp;<\/p>\n<p>&nbsp;<\/p>\n<p>&nbsp;<\/p>\n<p>&nbsp;<\/p>\n<p>&nbsp;<\/p>\n<p>&nbsp;<\/p>\n<p>&nbsp;<\/p>\n<p>Appartements Puerta de Ordesa &ndash; G&icirc;tes ruraux Laspu&ntilde;a<\/p>\n<p>\nPuerta de Ordesa, des appartements accueillants situ&eacute;s au coeur de l&acute;une des r&eacute;gions les Plus int&eacute;ressantes des Pyr&eacute;n&eacute;es aragonaises.<\/p>\n<p>\nVotre s&eacute;jour dans nos g&icirc;tes demeurera inoubliable gr&acirc;ce &agrave; leur esth&eacute;tique soign&eacute;e, le confort des installations et un paysage &agrave; couper le souffle.<\/p>\n<p>\nLes appartements Puerta de Ordesa sont situ&eacute;s &agrave; Laspu&ntilde;a, &agrave; quelques kilom&egrave;tres d&acute;Ainsa, &agrave; la fronti&egrave;re du Parc National d&acute;Ordesa et du Mont Perdu. Un environnement exceptionnel qui vous fera d&eacute;couvrir la richesse de l&rsquo;architecture, de la culture et des paysages pyr&eacute;n&eacute;ens, et vous donnera la possibilit&eacute; de pratiquer le ski et tout type de sports d&acute;aventure.<\/p>\n<p>\nPuerta de Ordesa est un logement dans la r&eacute;gion d&acute;Ordesa qui vous permettra de profiter de quelques jours de repos tout en visitant les coins les plus pittoresques des Pyr&eacute;n&eacute;es.<br \/>\nLaissez-vous s&eacute;duire par le confort et la chaleur humaine qui nous charact&eacute;rise, et profitez de la diversit&eacute; de paysages qui nous entourent.<\/p>\n<p>&nbsp;<\/p>\n<table height=\"559\" cellspacing=\"0\" cellpadding=\"0\" border=\"0\" align=\"center\" width=\"90%\" style=\"\">\n<caption>Parque Nacional de Ordesa y Monte Perdido<\/caption>\n<tbody>\n<tr>\n<td>\n<p class=\"rtecenter\"><img loading=\"lazy\" decoding=\"async\" class=\" alignleft size-full wp-image-63\" hspace=\"5\" border=\"3\" align=\"left\" vspace=\"5\" style=\"width: 229px; height: 159px;\" src=\"https:\/\/puertadeordesa.com\/wp-content\/uploads\/2008\/10\/FG452449.jpg\" alt=\"\" width=\"500\" height=\"334\" \/><\/p>\n<\/td>\n<td><img loading=\"lazy\" decoding=\"async\" class=\" alignright size-full wp-image-66\" hspace=\"5\" border=\"3\" align=\"right\" vspace=\"5\" style=\"width: 230px; height: 157px;\" src=\"https:\/\/puertadeordesa.com\/wp-content\/uploads\/2008\/10\/FG453435.jpg\" alt=\"\" width=\"500\" height=\"334\" \/><\/td>\n<\/tr>\n<tr>\n<td><img loading=\"lazy\" decoding=\"async\" class=\" alignleft size-full wp-image-69\" hspace=\"5\" border=\"3\" align=\"left\" vspace=\"5\" style=\"width: 230px; height: 159px;\" src=\"https:\/\/puertadeordesa.com\/wp-content\/uploads\/2008\/10\/FG453454.jpg\" alt=\"\" width=\"500\" height=\"334\" \/><\/td>\n<td><img loading=\"lazy\" decoding=\"async\" class=\" alignleft size-full wp-image-72\" hspace=\"5\" border=\"3\" align=\"left\" vspace=\"5\" style=\"width: 232px; height: 158px;\" src=\"https:\/\/puertadeordesa.com\/wp-content\/uploads\/2008\/10\/FG453483.jpg\" alt=\"\" width=\"500\" height=\"334\" \/><\/td>\n<\/tr>\n<\/tbody>\n<\/table>\n<p>&nbsp;<\/p>\n<p>&nbsp;<\/p>\n","protected":false},"excerpt":{"rendered":"<p>&nbsp; &nbsp; &nbsp; &nbsp; &nbsp; &nbsp; &nbsp; &nbsp; Appartements Puerta de Ordesa &ndash; G&icirc;tes ruraux Laspu&ntilde;a<\/p>\n","protected":false},"author":1,"featured_media":59,"parent":0,"menu_order":0,"comment_status":"closed","ping_status":"open","template":"","meta":{"_et_pb_use_builder":"off","_et_pb_old_content":"<p class=\"rtecenter\" style=\"text-align: center;\"><strong>APARTAMENTOS PIRINEOS<br \/> PUERTA DE ORDESA, ALOJAMIENTO DE TURISMO RURAL EN ORDESA, HUESCA. CASAS RURALES Y APARTAMENTOS TUR\u00cdSTICOS.<br \/> <\/strong><\/p><p>\u00a0<\/p><p>[pt_view id=\"d81275cd1q\"]<\/p>","_et_gb_content_width":"","footnotes":""},"class_list":["post-138","page","type-page","status-publish","has-post-thumbnail","hentry"],"_links":{"self":[{"href":"https:\/\/puertadeordesa.com\/fr\/wp-json\/wp\/v2\/pages\/138","targetHints":{"allow":["GET"]}}],"collection":[{"href":"https:\/\/puertadeordesa.com\/fr\/wp-json\/wp\/v2\/pages"}],"about":[{"href":"https:\/\/puertadeordesa.com\/fr\/wp-json\/wp\/v2\/types\/page"}],"author":[{"embeddable":true,"href":"https:\/\/puertadeordesa.com\/fr\/wp-json\/wp\/v2\/users\/1"}],"replies":[{"embeddable":true,"href":"https:\/\/puertadeordesa.com\/fr\/wp-json\/wp\/v2\/comments?post=138"}],"version-history":[{"count":0,"href":"https:\/\/puertadeordesa.com\/fr\/wp-json\/wp\/v2\/pages\/138\/revisions"}],"wp:featuredmedia":[{"embeddable":true,"href":"https:\/\/puertadeordesa.com\/fr\/wp-json\/wp\/v2\/media\/59"}],"wp:attachment":[{"href":"https:\/\/puertadeordesa.com\/fr\/wp-json\/wp\/v2\/media?parent=138"}],"curies":[{"name":"wp","href":"https:\/\/api.w.org\/{rel}","templated":true}]}}