{"id":1905,"date":"2018-04-17T06:05:09","date_gmt":"2018-04-17T06:05:09","guid":{"rendered":"https:\/\/puertadeordesa.com\/noticias\/"},"modified":"2018-04-20T11:15:23","modified_gmt":"2018-04-20T11:15:23","slug":"noticies","status":"publish","type":"page","link":"https:\/\/puertadeordesa.com\/ca\/noticies\/","title":{"rendered":"Not\u00edcies"},"content":{"rendered":"<div class=\"pt-cv-wrapper et_smooth_scroll_disabled\"><div class=\"pt-cv-view pt-cv-grid pt-cv-colsys pt-cv-same-height pt-cv-pgregular\" id=\"pt-cv-view-8d4744dh65\"><div data-id=\"pt-cv-page-1\" class=\"pt-cv-page\" data-cvc=\"4\" data-cvct=\"2\" data-cvcm=\"1\"><div class=\"col-md-3 col-sm-6 col-xs-12 pt-cv-content-item pt-cv-1-col\"  data-pid=\"457\"><div class='pt-cv-ifield'><a href=\"https:\/\/puertadeordesa.com\/ca\/noticia\/vuelve-enduro-world-series-a-ainsa\/\" class=\"_self pt-cv-href-thumbnail pt-cv-thumb-default cvplbd cvp-lazy-container cvp-responsive-image img-none\" target=\"_self\" data-iw=\"400\" data-ih=\"284\"><img loading=\"lazy\" decoding=\"async\" width=\"200\" height=\"200\" src=\"https:\/\/puertadeordesa.com\/wp-content\/plugins\/pt-content-views-pro\/public\/assets\/images\/lazy_image.png\" class=\"pt-cv-thumbnail img-none skip-lazy  cvplazy\" alt=\"Enduro world 2018\" data-no-lazy=\"1\" data-cvpsrc=\"https:\/\/puertadeordesa.com\/wp-content\/uploads\/2017\/12\/logo-Ainsa-2018.png\" \/><\/a>\n<h4 class=\"pt-cv-title\"><a href=\"https:\/\/puertadeordesa.com\/ca\/noticia\/vuelve-enduro-world-series-a-ainsa\/\" class=\"_self cvplbd\" target=\"_self\" data-iw=\"400\" data-ih=\"284\">Vuelve ENDURO WORLD SERIES a A\u00ednsa<\/a><\/h4>\n<div class=\"pt-cv-content\">El Campeonato del Mundo de Enduro vuelve a A\u00ednsa y de la mano de Zona Zero.Fechas de las Enduro World ...<br \/><div class=\"pt-cv-rmwrap\"><a href=\"https:\/\/puertadeordesa.com\/ca\/noticia\/vuelve-enduro-world-series-a-ainsa\/\" class=\"_self pt-cv-readmore btn btn-success cvplbd\" target=\"_self\" data-iw=\"400\" data-ih=\"284\">Leer M\u00e1s<\/a><\/div><\/div>\n<div class=\"pt-cv-social-buttons\"><a href=\"https:\/\/www.facebook.com\/sharer\/sharer.php?u=https:\/\/puertadeordesa.com\/ca\/noticia\/vuelve-enduro-world-series-a-ainsa\/\" class=\"pt-cv-social-facebook\" target=\"_blank\"><\/a><a href=\"https:\/\/x.com\/intent\/tweet?url=https:\/\/puertadeordesa.com\/ca\/noticia\/vuelve-enduro-world-series-a-ainsa\/&#038;text=Vuelve+ENDURO+WORLD+SERIES+a+A%C3%ADnsa\" class=\"pt-cv-social-twitter\" target=\"_blank\"><\/a><\/div><\/div><\/div>\n<div class=\"col-md-3 col-sm-6 col-xs-12 pt-cv-content-item pt-cv-1-col\"  data-pid=\"453\"><div class='pt-cv-ifield'><a href=\"https:\/\/puertadeordesa.com\/ca\/noticia\/nuevos-apartamentos-puerta-de-ordesa-en-ainsa\/\" class=\"_self pt-cv-href-thumbnail pt-cv-thumb-default cvplbd cvp-lazy-container cvp-responsive-image img-none\" target=\"_self\" data-iw=\"400\" data-ih=\"284\"><img loading=\"lazy\" decoding=\"async\" width=\"400\" height=\"284\" src=\"https:\/\/puertadeordesa.com\/wp-content\/plugins\/pt-content-views-pro\/public\/assets\/images\/lazy_image.png\" class=\"pt-cv-thumbnail img-none skip-lazy  cvplazy\" alt=\"Apartamentos en los Pirineos\" data-no-lazy=\"1\" data-cvpsrc=\"https:\/\/puertadeordesa.com\/wp-content\/uploads\/2017\/09\/IMG_20170728_152453-400x284.jpg\" \/><\/a>\n<h4 class=\"pt-cv-title\"><a href=\"https:\/\/puertadeordesa.com\/ca\/noticia\/nuevos-apartamentos-puerta-de-ordesa-en-ainsa\/\" class=\"_self cvplbd\" target=\"_self\" data-iw=\"400\" data-ih=\"284\">Nuevos apartamentos Puerta de Ordesa en A\u00ednsa<\/a><\/h4>\n<div class=\"pt-cv-content\">Apertura de nuevos apartamentos Puerta de Ordesa en A\u00ednsa.Alojamiento para 2, 3 y 4 personas a pocos metros de la ...<br \/><div class=\"pt-cv-rmwrap\"><a href=\"https:\/\/puertadeordesa.com\/ca\/noticia\/nuevos-apartamentos-puerta-de-ordesa-en-ainsa\/\" class=\"_self pt-cv-readmore btn btn-success cvplbd\" target=\"_self\" data-iw=\"400\" data-ih=\"284\">Leer M\u00e1s<\/a><\/div><\/div>\n<div class=\"pt-cv-social-buttons\"><a href=\"https:\/\/www.facebook.com\/sharer\/sharer.php?u=https:\/\/puertadeordesa.com\/ca\/noticia\/nuevos-apartamentos-puerta-de-ordesa-en-ainsa\/\" class=\"pt-cv-social-facebook\" target=\"_blank\"><\/a><a href=\"https:\/\/x.com\/intent\/tweet?url=https:\/\/puertadeordesa.com\/ca\/noticia\/nuevos-apartamentos-puerta-de-ordesa-en-ainsa\/&#038;text=Nuevos+apartamentos+Puerta+de+Ordesa+en+A%C3%ADnsa\" class=\"pt-cv-social-twitter\" target=\"_blank\"><\/a><\/div><\/div><\/div>\n<div class=\"col-md-3 col-sm-6 col-xs-12 pt-cv-content-item pt-cv-1-col\"  data-pid=\"443\"><div class='pt-cv-ifield'><a href=\"https:\/\/puertadeordesa.com\/ca\/noticia\/la-batalla-del-inframundo-zona-zero-ainsa\/\" class=\"_self pt-cv-href-thumbnail pt-cv-thumb-default cvplbd cvp-lazy-container cvp-responsive-image img-none\" target=\"_self\" data-iw=\"400\" data-ih=\"284\"><img loading=\"lazy\" decoding=\"async\" width=\"320\" height=\"250\" src=\"https:\/\/puertadeordesa.com\/wp-content\/plugins\/pt-content-views-pro\/public\/assets\/images\/lazy_image.png\" class=\"pt-cv-thumbnail img-none skip-lazy  cvplazy\" alt=\"Btt Pirineos A\u00ednsa Zona Zero\" data-no-lazy=\"1\" data-cvpsrc=\"https:\/\/puertadeordesa.com\/wp-content\/uploads\/2017\/09\/german_horizontal.jpg\" \/><\/a>\n<h4 class=\"pt-cv-title\"><a href=\"https:\/\/puertadeordesa.com\/ca\/noticia\/la-batalla-del-inframundo-zona-zero-ainsa\/\" class=\"_self cvplbd\" target=\"_self\" data-iw=\"400\" data-ih=\"284\">La Batalla del Inframundo \/ Zona Zero A\u00ednsa<\/a><\/h4>\n<div class=\"pt-cv-content\">La I Giant trail de Zona Zero A\u00ednsa se celebra el s\u00e1bado 23 de septiembre.Bienvenido al mundo del Enduro y ...<br \/><div class=\"pt-cv-rmwrap\"><a href=\"https:\/\/puertadeordesa.com\/ca\/noticia\/la-batalla-del-inframundo-zona-zero-ainsa\/\" class=\"_self pt-cv-readmore btn btn-success cvplbd\" target=\"_self\" data-iw=\"400\" data-ih=\"284\">Leer M\u00e1s<\/a><\/div><\/div>\n<div class=\"pt-cv-social-buttons\"><a href=\"https:\/\/www.facebook.com\/sharer\/sharer.php?u=https:\/\/puertadeordesa.com\/ca\/noticia\/la-batalla-del-inframundo-zona-zero-ainsa\/\" class=\"pt-cv-social-facebook\" target=\"_blank\"><\/a><a href=\"https:\/\/x.com\/intent\/tweet?url=https:\/\/puertadeordesa.com\/ca\/noticia\/la-batalla-del-inframundo-zona-zero-ainsa\/&#038;text=La+Batalla+del+Inframundo+%2F+Zona+Zero+A%C3%ADnsa\" class=\"pt-cv-social-twitter\" target=\"_blank\"><\/a><\/div><\/div><\/div>\n<div class=\"col-md-3 col-sm-6 col-xs-12 pt-cv-content-item pt-cv-1-col\"  data-pid=\"439\"><div class='pt-cv-ifield'><a href=\"https:\/\/puertadeordesa.com\/ca\/noticia\/estrellas-en-el-pirineo\/\" class=\"_self pt-cv-href-thumbnail pt-cv-thumb-default cvplbd cvp-lazy-container cvp-responsive-image img-none\" target=\"_self\" data-iw=\"400\" data-ih=\"284\"><img loading=\"lazy\" decoding=\"async\" width=\"400\" height=\"284\" src=\"https:\/\/puertadeordesa.com\/wp-content\/plugins\/pt-content-views-pro\/public\/assets\/images\/lazy_image.png\" class=\"pt-cv-thumbnail img-none skip-lazy  cvplazy\" alt=\"Estrellas en el Pirineo\" data-no-lazy=\"1\" data-cvpsrc=\"https:\/\/puertadeordesa.com\/wp-content\/uploads\/2016\/10\/estrellas-del-pirineo-1-400x284.png\" \/><\/a>\n<h4 class=\"pt-cv-title\"><a href=\"https:\/\/puertadeordesa.com\/ca\/noticia\/estrellas-en-el-pirineo\/\" class=\"_self cvplbd\" target=\"_self\" data-iw=\"400\" data-ih=\"284\">Estrellas en el Pirineo<\/a><\/h4>\n<div class=\"pt-cv-content\">ESTRELLAS EN EL PIRINEOLos d\u00edas 4, 5 y 6 de noviembre se celebra en A\u00ednsa y Bolta\u00f1a las XVI Jornadas ...<br \/><div class=\"pt-cv-rmwrap\"><a href=\"https:\/\/puertadeordesa.com\/ca\/noticia\/estrellas-en-el-pirineo\/\" class=\"_self pt-cv-readmore btn btn-success cvplbd\" target=\"_self\" data-iw=\"400\" data-ih=\"284\">Leer M\u00e1s<\/a><\/div><\/div>\n<div class=\"pt-cv-social-buttons\"><a href=\"https:\/\/www.facebook.com\/sharer\/sharer.php?u=https:\/\/puertadeordesa.com\/ca\/noticia\/estrellas-en-el-pirineo\/\" class=\"pt-cv-social-facebook\" target=\"_blank\"><\/a><a href=\"https:\/\/x.com\/intent\/tweet?url=https:\/\/puertadeordesa.com\/ca\/noticia\/estrellas-en-el-pirineo\/&#038;text=Estrellas+en+el+Pirineo\" class=\"pt-cv-social-twitter\" target=\"_blank\"><\/a><\/div><\/div><\/div>\n<div class=\"col-md-3 col-sm-6 col-xs-12 pt-cv-content-item pt-cv-1-col\"  data-pid=\"435\"><div class='pt-cv-ifield'><a href=\"https:\/\/puertadeordesa.com\/ca\/noticia\/alojamiento-zona-zero-ainsa-y-laspuna\/\" class=\"_self pt-cv-href-thumbnail pt-cv-thumb-default cvplbd cvp-lazy-container cvp-responsive-image img-none\" target=\"_self\" data-iw=\"400\" data-ih=\"284\"><img loading=\"lazy\" decoding=\"async\" width=\"400\" height=\"284\" src=\"https:\/\/puertadeordesa.com\/wp-content\/plugins\/pt-content-views-pro\/public\/assets\/images\/lazy_image.png\" class=\"pt-cv-thumbnail img-none skip-lazy  cvplazy\" alt=\"Alojamiento en Zona Zero y servicio de taxi con portabicis\" data-no-lazy=\"1\" data-cvpsrc=\"https:\/\/puertadeordesa.com\/wp-content\/uploads\/2016\/10\/btt-400x284.png\" \/><\/a>\n<h4 class=\"pt-cv-title\"><a href=\"https:\/\/puertadeordesa.com\/ca\/noticia\/alojamiento-zona-zero-ainsa-y-laspuna\/\" class=\"_self cvplbd\" target=\"_self\" data-iw=\"400\" data-ih=\"284\">Alojamiento Zona Zero A\u00ednsa y Laspu\u00f1a<\/a><\/h4>\n<div class=\"pt-cv-content\">BTT PIRINEO, ZONA ZERO AINSATodas las rutas que conforman la Zona Zero A\u00ednsa y btt pirineo son apasionantes, aunque la ...<br \/><div class=\"pt-cv-rmwrap\"><a href=\"https:\/\/puertadeordesa.com\/ca\/noticia\/alojamiento-zona-zero-ainsa-y-laspuna\/\" class=\"_self pt-cv-readmore btn btn-success cvplbd\" target=\"_self\" data-iw=\"400\" data-ih=\"284\">Leer M\u00e1s<\/a><\/div><\/div>\n<div class=\"pt-cv-social-buttons\"><a href=\"https:\/\/www.facebook.com\/sharer\/sharer.php?u=https:\/\/puertadeordesa.com\/ca\/noticia\/alojamiento-zona-zero-ainsa-y-laspuna\/\" class=\"pt-cv-social-facebook\" target=\"_blank\"><\/a><a href=\"https:\/\/x.com\/intent\/tweet?url=https:\/\/puertadeordesa.com\/ca\/noticia\/alojamiento-zona-zero-ainsa-y-laspuna\/&#038;text=Alojamiento+Zona+Zero+A%C3%ADnsa+y+Laspu%C3%B1a\" class=\"pt-cv-social-twitter\" target=\"_blank\"><\/a><\/div><\/div><\/div>\n<div class=\"col-md-3 col-sm-6 col-xs-12 pt-cv-content-item pt-cv-1-col\"  data-pid=\"428\"><div class='pt-cv-ifield'><a href=\"https:\/\/puertadeordesa.com\/ca\/noticia\/visitas-guiadas-al-real-monasterio-de-san-victorian\/\" class=\"_self pt-cv-href-thumbnail pt-cv-thumb-default cvplbd cvp-lazy-container cvp-responsive-image img-none\" target=\"_self\" data-iw=\"400\" data-ih=\"284\"><img loading=\"lazy\" decoding=\"async\" width=\"400\" height=\"284\" src=\"https:\/\/puertadeordesa.com\/wp-content\/plugins\/pt-content-views-pro\/public\/assets\/images\/lazy_image.png\" class=\"pt-cv-thumbnail img-none skip-lazy  cvplazy\" alt=\"Monasterio San Victori\u00e1n\" data-no-lazy=\"1\" data-cvpsrc=\"https:\/\/puertadeordesa.com\/wp-content\/uploads\/2015\/03\/Agenda-San-Victori\u00e1n_0-400x284.jpg\" \/><\/a>\n<h4 class=\"pt-cv-title\"><a href=\"https:\/\/puertadeordesa.com\/ca\/noticia\/visitas-guiadas-al-real-monasterio-de-san-victorian\/\" class=\"_self cvplbd\" target=\"_self\" data-iw=\"400\" data-ih=\"284\">VISITAS GUIADAS AL REAL MONASTERIO DE SAN VICTORI\u00c1N<\/a><\/h4>\n<div class=\"pt-cv-content\">Han comenzado las visitas al Real Monasterio de San Victori\u00e1n:El precio de la entrada 2 &euro; (menores de 12 a\u00f1os, ...<br \/><div class=\"pt-cv-rmwrap\"><a href=\"https:\/\/puertadeordesa.com\/ca\/noticia\/visitas-guiadas-al-real-monasterio-de-san-victorian\/\" class=\"_self pt-cv-readmore btn btn-success cvplbd\" target=\"_self\" data-iw=\"400\" data-ih=\"284\">Leer M\u00e1s<\/a><\/div><\/div>\n<div class=\"pt-cv-social-buttons\"><a href=\"https:\/\/www.facebook.com\/sharer\/sharer.php?u=https:\/\/puertadeordesa.com\/ca\/noticia\/visitas-guiadas-al-real-monasterio-de-san-victorian\/\" class=\"pt-cv-social-facebook\" target=\"_blank\"><\/a><a href=\"https:\/\/x.com\/intent\/tweet?url=https:\/\/puertadeordesa.com\/ca\/noticia\/visitas-guiadas-al-real-monasterio-de-san-victorian\/&#038;text=VISITAS+GUIADAS+AL+REAL+MONASTERIO+DE+SAN+VICTORI%C3%81N\" class=\"pt-cv-social-twitter\" target=\"_blank\"><\/a><\/div><\/div><\/div>\n<div class=\"col-md-3 col-sm-6 col-xs-12 pt-cv-content-item pt-cv-1-col\"  data-pid=\"424\"><div class='pt-cv-ifield'><a href=\"https:\/\/puertadeordesa.com\/ca\/noticia\/enduro-world-series-2015-en-zona-zero-ainsa\/\" class=\"_self pt-cv-href-thumbnail pt-cv-thumb-default cvplbd cvp-lazy-container cvp-responsive-image img-none\" target=\"_self\" data-iw=\"400\" data-ih=\"284\"><img loading=\"lazy\" decoding=\"async\" width=\"400\" height=\"284\" src=\"https:\/\/puertadeordesa.com\/wp-content\/plugins\/pt-content-views-pro\/public\/assets\/images\/lazy_image.png\" class=\"pt-cv-thumbnail img-none skip-lazy  cvplazy\" alt=\"Enduro World\" data-no-lazy=\"1\" data-cvpsrc=\"https:\/\/puertadeordesa.com\/wp-content\/uploads\/2015\/02\/calendar-ews-2015-640x360-400x284.jpg\" \/><\/a>\n<h4 class=\"pt-cv-title\"><a href=\"https:\/\/puertadeordesa.com\/ca\/noticia\/enduro-world-series-2015-en-zona-zero-ainsa\/\" class=\"_self cvplbd\" target=\"_self\" data-iw=\"400\" data-ih=\"284\">Enduro World Series 2015 en Zona Zero A\u00ednsa<\/a><\/h4>\n<div class=\"pt-cv-content\">III ENDURO RACE ZONA ZERO EN EL ENDURO FESTIVAL 2015 ...<br \/><div class=\"pt-cv-rmwrap\"><a href=\"https:\/\/puertadeordesa.com\/ca\/noticia\/enduro-world-series-2015-en-zona-zero-ainsa\/\" class=\"_self pt-cv-readmore btn btn-success cvplbd\" target=\"_self\" data-iw=\"400\" data-ih=\"284\">Leer M\u00e1s<\/a><\/div><\/div>\n<div class=\"pt-cv-social-buttons\"><a href=\"https:\/\/www.facebook.com\/sharer\/sharer.php?u=https:\/\/puertadeordesa.com\/ca\/noticia\/enduro-world-series-2015-en-zona-zero-ainsa\/\" class=\"pt-cv-social-facebook\" target=\"_blank\"><\/a><a href=\"https:\/\/x.com\/intent\/tweet?url=https:\/\/puertadeordesa.com\/ca\/noticia\/enduro-world-series-2015-en-zona-zero-ainsa\/&#038;text=Enduro+World+Series+2015+en+Zona+Zero+A%C3%ADnsa\" class=\"pt-cv-social-twitter\" target=\"_blank\"><\/a><\/div><\/div><\/div>\n<div class=\"col-md-3 col-sm-6 col-xs-12 pt-cv-content-item pt-cv-1-col\"  data-pid=\"420\"><div class='pt-cv-ifield'><a href=\"https:\/\/puertadeordesa.com\/ca\/noticia\/camino-de-santiago-en-los-pirineos\/\" class=\"_self pt-cv-href-thumbnail pt-cv-thumb-default cvplbd cvp-lazy-container cvp-responsive-image img-none\" target=\"_self\" data-iw=\"400\" data-ih=\"284\"><img loading=\"lazy\" decoding=\"async\" width=\"400\" height=\"284\" src=\"https:\/\/puertadeordesa.com\/wp-content\/plugins\/pt-content-views-pro\/public\/assets\/images\/lazy_image.png\" class=\"pt-cv-thumbnail img-none skip-lazy  cvplazy\" alt=\"Etapas del Camino de Santiago\" data-no-lazy=\"1\" data-cvpsrc=\"https:\/\/puertadeordesa.com\/wp-content\/uploads\/2015\/02\/Se\u00f1al-del-camino-de-Santiago_0-400x284.jpg\" \/><\/a>\n<h4 class=\"pt-cv-title\"><a href=\"https:\/\/puertadeordesa.com\/ca\/noticia\/camino-de-santiago-en-los-pirineos\/\" class=\"_self cvplbd\" target=\"_self\" data-iw=\"400\" data-ih=\"284\">CAMINO DE SANTIAGO EN LOS PIRINEOS<\/a><\/h4>\n<div class=\"pt-cv-content\">Camino de Santiago en los PirineosEl conjunto de lugares visitados por los peregrinos que recorrieron y recorren los caminos de ...<br \/><div class=\"pt-cv-rmwrap\"><a href=\"https:\/\/puertadeordesa.com\/ca\/noticia\/camino-de-santiago-en-los-pirineos\/\" class=\"_self pt-cv-readmore btn btn-success cvplbd\" target=\"_self\" data-iw=\"400\" data-ih=\"284\">Leer M\u00e1s<\/a><\/div><\/div>\n<div class=\"pt-cv-social-buttons\"><a href=\"https:\/\/www.facebook.com\/sharer\/sharer.php?u=https:\/\/puertadeordesa.com\/ca\/noticia\/camino-de-santiago-en-los-pirineos\/\" class=\"pt-cv-social-facebook\" target=\"_blank\"><\/a><a href=\"https:\/\/x.com\/intent\/tweet?url=https:\/\/puertadeordesa.com\/ca\/noticia\/camino-de-santiago-en-los-pirineos\/&#038;text=CAMINO+DE+SANTIAGO+EN+LOS+PIRINEOS\" class=\"pt-cv-social-twitter\" target=\"_blank\"><\/a><\/div><\/div><\/div>\n<div class=\"col-md-3 col-sm-6 col-xs-12 pt-cv-content-item pt-cv-1-col\"  data-pid=\"416\"><div class='pt-cv-ifield'><a href=\"https:\/\/puertadeordesa.com\/ca\/noticia\/enduro-festival-ainsa-2014\/\" class=\"_self pt-cv-href-thumbnail pt-cv-thumb-default cvplbd cvp-lazy-container cvp-responsive-image img-none\" target=\"_self\" data-iw=\"400\" data-ih=\"284\"><img loading=\"lazy\" decoding=\"async\" width=\"340\" height=\"284\" src=\"https:\/\/puertadeordesa.com\/wp-content\/plugins\/pt-content-views-pro\/public\/assets\/images\/lazy_image.png\" class=\"pt-cv-thumbnail img-none skip-lazy  cvplazy\" alt=\"endurofestival_zona_zero_2014.jpg\" data-no-lazy=\"1\" data-cvpsrc=\"https:\/\/puertadeordesa.com\/wp-content\/uploads\/2014\/05\/endurofestival_zona_zero_2014-340x284.jpg\" \/><\/a>\n<h4 class=\"pt-cv-title\"><a href=\"https:\/\/puertadeordesa.com\/ca\/noticia\/enduro-festival-ainsa-2014\/\" class=\"_self cvplbd\" target=\"_self\" data-iw=\"400\" data-ih=\"284\">ENDURO FESTIVAL AINSA 2014<\/a><\/h4>\n<div class=\"pt-cv-content\"> ...<br \/><div class=\"pt-cv-rmwrap\"><a href=\"https:\/\/puertadeordesa.com\/ca\/noticia\/enduro-festival-ainsa-2014\/\" class=\"_self pt-cv-readmore btn btn-success cvplbd\" target=\"_self\" data-iw=\"400\" data-ih=\"284\">Leer M\u00e1s<\/a><\/div><\/div>\n<div class=\"pt-cv-social-buttons\"><a href=\"https:\/\/www.facebook.com\/sharer\/sharer.php?u=https:\/\/puertadeordesa.com\/ca\/noticia\/enduro-festival-ainsa-2014\/\" class=\"pt-cv-social-facebook\" target=\"_blank\"><\/a><a href=\"https:\/\/x.com\/intent\/tweet?url=https:\/\/puertadeordesa.com\/ca\/noticia\/enduro-festival-ainsa-2014\/&#038;text=ENDURO+FESTIVAL+AINSA+2014\" class=\"pt-cv-social-twitter\" target=\"_blank\"><\/a><\/div><\/div><\/div>\n<div class=\"col-md-3 col-sm-6 col-xs-12 pt-cv-content-item pt-cv-1-col\"  data-pid=\"412\"><div class='pt-cv-ifield'><a href=\"https:\/\/puertadeordesa.com\/ca\/noticia\/setas-robellones-muchardinas\/\" class=\"_self pt-cv-href-thumbnail pt-cv-thumb-default cvplbd cvp-lazy-container cvp-responsive-image img-none\" target=\"_self\" data-iw=\"400\" data-ih=\"284\"><img loading=\"lazy\" decoding=\"async\" width=\"400\" height=\"284\" src=\"https:\/\/puertadeordesa.com\/wp-content\/plugins\/pt-content-views-pro\/public\/assets\/images\/lazy_image.png\" class=\"pt-cv-thumbnail img-none skip-lazy  cvplazy\" alt=\"las setas.jpg\" data-no-lazy=\"1\" data-cvpsrc=\"https:\/\/puertadeordesa.com\/wp-content\/uploads\/2013\/11\/las-setas-400x284.jpg\" \/><\/a>\n<h4 class=\"pt-cv-title\"><a href=\"https:\/\/puertadeordesa.com\/ca\/noticia\/setas-robellones-muchardinas\/\" class=\"_self cvplbd\" target=\"_self\" data-iw=\"400\" data-ih=\"284\">Setas, robellones, muchardinas&#8230;<\/a><\/h4>\n<div class=\"pt-cv-content\">TEMPORADA DE SETAS EN EL PIRINEO APROVECHA EL TIEMPO QUE EST&Aacute; HACIENDO EN ESTA PARTE DEL PIRINEO SI ERES AMANTE ...<br \/><div class=\"pt-cv-rmwrap\"><a href=\"https:\/\/puertadeordesa.com\/ca\/noticia\/setas-robellones-muchardinas\/\" class=\"_self pt-cv-readmore btn btn-success cvplbd\" target=\"_self\" data-iw=\"400\" data-ih=\"284\">Leer M\u00e1s<\/a><\/div><\/div>\n<div class=\"pt-cv-social-buttons\"><a href=\"https:\/\/www.facebook.com\/sharer\/sharer.php?u=https:\/\/puertadeordesa.com\/ca\/noticia\/setas-robellones-muchardinas\/\" class=\"pt-cv-social-facebook\" target=\"_blank\"><\/a><a href=\"https:\/\/x.com\/intent\/tweet?url=https:\/\/puertadeordesa.com\/ca\/noticia\/setas-robellones-muchardinas\/&#038;text=Setas%2C+robellones%2C+muchardinas%26%238230%3B\" class=\"pt-cv-social-twitter\" target=\"_blank\"><\/a><\/div><\/div><\/div>\n<div class=\"col-md-3 col-sm-6 col-xs-12 pt-cv-content-item pt-cv-1-col\"  data-pid=\"408\"><div class='pt-cv-ifield'><a href=\"https:\/\/puertadeordesa.com\/ca\/noticia\/carnavales-bielsa-2014\/\" class=\"_self pt-cv-href-thumbnail pt-cv-thumb-default cvplbd cvp-lazy-container cvp-responsive-image img-none\" target=\"_self\" data-iw=\"400\" data-ih=\"284\"><img loading=\"lazy\" decoding=\"async\" width=\"400\" height=\"284\" src=\"https:\/\/puertadeordesa.com\/wp-content\/plugins\/pt-content-views-pro\/public\/assets\/images\/lazy_image.png\" class=\"pt-cv-thumbnail img-none skip-lazy  cvplazy\" alt=\"Carnavales en el Pirineo\" data-no-lazy=\"1\" data-cvpsrc=\"https:\/\/puertadeordesa.com\/wp-content\/uploads\/2013\/01\/CARNAVAL-400x284.jpg\" \/><\/a>\n<h4 class=\"pt-cv-title\"><a href=\"https:\/\/puertadeordesa.com\/ca\/noticia\/carnavales-bielsa-2014\/\" class=\"_self cvplbd\" target=\"_self\" data-iw=\"400\" data-ih=\"284\">CARNAVALES BIELSA 2014<\/a><\/h4>\n<div class=\"pt-cv-content\">CARNAVAL DE BIELSA 2014 Este a&ntilde;o 2013 los carnavales de Bielsa se celebrar&aacute;n los d&iacute;as 27, 28 de febrero, 1 ...<br \/><div class=\"pt-cv-rmwrap\"><a href=\"https:\/\/puertadeordesa.com\/ca\/noticia\/carnavales-bielsa-2014\/\" class=\"_self pt-cv-readmore btn btn-success cvplbd\" target=\"_self\" data-iw=\"400\" data-ih=\"284\">Leer M\u00e1s<\/a><\/div><\/div>\n<div class=\"pt-cv-social-buttons\"><a href=\"https:\/\/www.facebook.com\/sharer\/sharer.php?u=https:\/\/puertadeordesa.com\/ca\/noticia\/carnavales-bielsa-2014\/\" class=\"pt-cv-social-facebook\" target=\"_blank\"><\/a><a href=\"https:\/\/x.com\/intent\/tweet?url=https:\/\/puertadeordesa.com\/ca\/noticia\/carnavales-bielsa-2014\/&#038;text=CARNAVALES+BIELSA+2014\" class=\"pt-cv-social-twitter\" target=\"_blank\"><\/a><\/div><\/div><\/div>\n<div class=\"col-md-3 col-sm-6 col-xs-12 pt-cv-content-item pt-cv-1-col\"  data-pid=\"404\"><div class='pt-cv-ifield'><a href=\"https:\/\/puertadeordesa.com\/ca\/noticia\/la-morisma-2012-ainsa\/\" class=\"_self pt-cv-href-thumbnail pt-cv-thumb-default cvplbd cvp-lazy-container cvp-responsive-image img-none\" target=\"_self\" data-iw=\"400\" data-ih=\"284\"><img loading=\"lazy\" decoding=\"async\" width=\"400\" height=\"284\" src=\"https:\/\/puertadeordesa.com\/wp-content\/plugins\/pt-content-views-pro\/public\/assets\/images\/lazy_image.png\" class=\"pt-cv-thumbnail img-none skip-lazy  cvplazy\" alt=\"La Morisma A\u00ednsa 2012\" data-no-lazy=\"1\" data-cvpsrc=\"https:\/\/puertadeordesa.com\/wp-content\/uploads\/2012\/08\/MORISMA4_0-400x284.jpg\" \/><\/a>\n<h4 class=\"pt-cv-title\"><a href=\"https:\/\/puertadeordesa.com\/ca\/noticia\/la-morisma-2012-ainsa\/\" class=\"_self cvplbd\" target=\"_self\" data-iw=\"400\" data-ih=\"284\">LA MORISMA 2012 &#8211; A\u00cdNSA<\/a><\/h4>\n<div class=\"pt-cv-content\">ESTE A\u00d1O 2012: LA MORISMA SE CELEBRAR\u00c1 EL FIN DE SEMANA DEL 1-2 DE SEPTIEMBRECada dos a\u00f1os la plaza porticada ...<br \/><div class=\"pt-cv-rmwrap\"><a href=\"https:\/\/puertadeordesa.com\/ca\/noticia\/la-morisma-2012-ainsa\/\" class=\"_self pt-cv-readmore btn btn-success cvplbd\" target=\"_self\" data-iw=\"400\" data-ih=\"284\">Leer M\u00e1s<\/a><\/div><\/div>\n<div class=\"pt-cv-social-buttons\"><a href=\"https:\/\/www.facebook.com\/sharer\/sharer.php?u=https:\/\/puertadeordesa.com\/ca\/noticia\/la-morisma-2012-ainsa\/\" class=\"pt-cv-social-facebook\" target=\"_blank\"><\/a><a href=\"https:\/\/x.com\/intent\/tweet?url=https:\/\/puertadeordesa.com\/ca\/noticia\/la-morisma-2012-ainsa\/&#038;text=LA+MORISMA+2012+%26%238211%3B+A%C3%8DNSA\" class=\"pt-cv-social-twitter\" target=\"_blank\"><\/a><\/div><\/div><\/div><\/div><\/div>\n<div class=\"text-left pt-cv-pagination-wrapper\"><ul class=\"pt-cv-pagination pt-cv-ajax pagination\" data-totalpages=\"4\" data-currentpage=\"1\" data-sid=\"8d4744dh65\" data-unid=\"\" data-isblock=\"\" data-postid=\"\"><li class=\"active\"><a href=\"#\">1<\/a><\/li>\n\t<li ><a class=\"\" href=\"https:\/\/puertadeordesa.com\/ca\/wp-json\/wp\/v2\/pages\/1905\/?_page=2\">2<\/a><\/li>\n\t<li ><a class=\"\" href=\"https:\/\/puertadeordesa.com\/ca\/wp-json\/wp\/v2\/pages\/1905\/?_page=3\">3<\/a><\/li>\n\t<li ><a class=\"\" href=\"https:\/\/puertadeordesa.com\/ca\/wp-json\/wp\/v2\/pages\/1905\/?_page=4\">4<\/a><\/li>\n\t<li ><a class=\" \" href=\"https:\/\/puertadeordesa.com\/ca\/wp-json\/wp\/v2\/pages\/1905\/?_page=2\">&rsaquo;<\/a><\/li>\n\t<\/ul><img loading=\"lazy\" decoding=\"async\" width=\"15\" height=\"15\" class=\"pt-cv-spinner\" alt=\"Loading...\" src=\"data:image\/gif;base64,R0lGODlhDwAPALMPAMrKygwMDJOTkz09PZWVla+vr3p6euTk5M7OzuXl5TMzMwAAAJmZmWZmZszMzP\/\/\/yH\/C05FVFNDQVBFMi4wAwEAAAAh+QQFCgAPACwAAAAADwAPAAAEQvDJaZaZOIcV8iQK8VRX4iTYoAwZ4iCYoAjZ4RxejhVNoT+mRGP4cyF4Pp0N98sBGIBMEMOotl6YZ3S61Bmbkm4mAgAh+QQFCgAPACwAAAAADQANAAAENPDJSRSZeA418itN8QiK8BiLITVsFiyBBIoYqnoewAD4xPw9iY4XLGYSjkQR4UAUD45DLwIAIfkEBQoADwAsAAAAAA8ACQAABC\/wyVlamTi3nSdgwFNdhEJgTJoNyoB9ISYoQmdjiZPcj7EYCAeCF1gEDo4Dz2eIAAAh+QQFCgAPACwCAAAADQANAAAEM\/DJBxiYeLKdX3IJZT1FU0iIg2RNKx3OkZVnZ98ToRD4MyiDnkAh6BkNC0MvsAj0kMpHBAAh+QQFCgAPACwGAAAACQAPAAAEMDC59KpFDll73HkAA2wVY5KgiK5b0RRoI6MuzG6EQqCDMlSGheEhUAgqgUUAFRySIgAh+QQFCgAPACwCAAIADQANAAAEM\/DJKZNLND\/kkKaHc3xk+QAMYDKsiaqmZCxGVjSFFCxB1vwy2oOgIDxuucxAMTAJFAJNBAAh+QQFCgAPACwAAAYADwAJAAAEMNAs86q1yaWwwv2Ig0jUZx3OYa4XoRAfwADXoAwfo1+CIjyFRuEho60aSNYlOPxEAAAh+QQFCgAPACwAAAIADQANAAAENPA9s4y8+IUVcqaWJ4qEQozSoAzoIyhCK2NFU2SJk0hNnyEOhKR2AzAAj4Pj4GE4W0bkJQIAOw==\" \/><div class=\"clear pt-cv-clear-pagination\"><\/div><\/div><\/div>\t\t\t<style type=\"text\/css\" id=\"pt-cv-inline-style-d53b9acekg\">#pt-cv-view-8d4744dh65 .pt-cv-title a, #pt-cv-view-8d4744dh65  .panel-title { font-weight: 600 !important; }\n#pt-cv-view-8d4744dh65 .pt-cv-readmore  { color: #ffffff !important; background-color: #00aeef !important; }\n#pt-cv-view-8d4744dh65 .pt-cv-readmore:hover  { color: #ffffff !important; background-color: #00aeef !important; }\n#pt-cv-view-8d4744dh65  + .pt-cv-pagination-wrapper .pt-cv-more , #pt-cv-view-8d4744dh65  + .pt-cv-pagination-wrapper .pagination .active a, .pt-cv-pagination[data-sid='8d4744dh65'] .active a { color: #ffffff !important; background-color: #00aeef !important; }\n#pt-cv-view-8d4744dh65 .cvp-responsive-image[style*=\"background-image\"] { width: 400px; max-height: 284px; overflow: hidden; aspect-ratio: 1.4084507042254 }\n#pt-cv-view-8d4744dh65 .cvp-responsive-image img { max-width: 400px; max-height: 284px; aspect-ratio: 1.4084507042254 }<\/style>\r\n\t\t\t\n","protected":false},"excerpt":{"rendered":"","protected":false},"author":1,"featured_media":0,"parent":0,"menu_order":0,"comment_status":"closed","ping_status":"open","template":"","meta":{"_et_pb_use_builder":"","_et_pb_old_content":"","_et_gb_content_width":"","footnotes":""},"class_list":["post-1905","page","type-page","status-publish","hentry"],"_links":{"self":[{"href":"https:\/\/puertadeordesa.com\/ca\/wp-json\/wp\/v2\/pages\/1905","targetHints":{"allow":["GET"]}}],"collection":[{"href":"https:\/\/puertadeordesa.com\/ca\/wp-json\/wp\/v2\/pages"}],"about":[{"href":"https:\/\/puertadeordesa.com\/ca\/wp-json\/wp\/v2\/types\/page"}],"author":[{"embeddable":true,"href":"https:\/\/puertadeordesa.com\/ca\/wp-json\/wp\/v2\/users\/1"}],"replies":[{"embeddable":true,"href":"https:\/\/puertadeordesa.com\/ca\/wp-json\/wp\/v2\/comments?post=1905"}],"version-history":[{"count":1,"href":"https:\/\/puertadeordesa.com\/ca\/wp-json\/wp\/v2\/pages\/1905\/revisions"}],"predecessor-version":[{"id":1911,"href":"https:\/\/puertadeordesa.com\/ca\/wp-json\/wp\/v2\/pages\/1905\/revisions\/1911"}],"wp:attachment":[{"href":"https:\/\/puertadeordesa.com\/ca\/wp-json\/wp\/v2\/media?parent=1905"}],"curies":[{"name":"wp","href":"https:\/\/api.w.org\/{rel}","templated":true}]}}