{"id":1901,"date":"2008-10-16T12:24:46","date_gmt":"2008-10-16T12:24:46","guid":{"rendered":"https:\/\/puertadeordesa.com\/situacion-apartamentos-puerta-de-ordesa\/"},"modified":"2018-04-20T10:48:40","modified_gmt":"2018-04-20T10:48:40","slug":"situacio","status":"publish","type":"page","link":"https:\/\/puertadeordesa.com\/ca\/situacio\/","title":{"rendered":"Situaci\u00f3"},"content":{"rendered":"<p>[et_pb_section bb_built=&#8221;1&#8243; fullwidth=&#8221;on&#8221; specialty=&#8221;off&#8221; _builder_version=&#8221;3.0.90&#8243;][et_pb_fullwidth_slider admin_label=&#8221;Control deslizante de anchura completa &#8211; situacion&#8221; _builder_version=&#8221;3.0.90&#8243; show_arrows=&#8221;on&#8221; show_pagination=&#8221;on&#8221; show_inner_shadow=&#8221;on&#8221; custom_button=&#8221;off&#8221; button_icon_placement=&#8221;right&#8221; show_content_on_mobile=&#8221;on&#8221; show_cta_on_mobile=&#8221;on&#8221; show_image_video_mobile=&#8221;off&#8221; saved_tabs=&#8221;all&#8221;]<\/p>\n<p>[et_pb_slide _builder_version=&#8221;3.0.90&#8243; use_background_color_gradient=&#8221;off&#8221; background_color_gradient_start=&#8221;#2b87da&#8221; background_color_gradient_end=&#8221;#29c4a9&#8243; background_color_gradient_type=&#8221;linear&#8221; background_color_gradient_direction=&#8221;180deg&#8221; background_color_gradient_direction_radial=&#8221;center&#8221; background_color_gradient_start_position=&#8221;0%&#8221; background_color_gradient_end_position=&#8221;100%&#8221; background_color_gradient_overlays_image=&#8221;off&#8221; background_image=&#8221;https:\/\/puertadeordesa.com\/wp-content\/uploads\/2015\/02\/Fin-de-semana-amigos-68.jpg&#8221; parallax=&#8221;off&#8221; parallax_method=&#8221;on&#8221; background_size=&#8221;cover&#8221; background_position=&#8221;center&#8221; background_repeat=&#8221;no-repeat&#8221; background_blend=&#8221;normal&#8221; allow_player_pause=&#8221;off&#8221; use_bg_overlay=&#8221;off&#8221; use_text_overlay=&#8221;off&#8221; text_border_radius=&#8221;3&#8243; alignment=&#8221;center&#8221; background_layout=&#8221;dark&#8221; \/][et_pb_slide _builder_version=&#8221;3.0.90&#8243; use_background_color_gradient=&#8221;off&#8221; background_color_gradient_start=&#8221;#2b87da&#8221; background_color_gradient_end=&#8221;#29c4a9&#8243; background_color_gradient_type=&#8221;linear&#8221; background_color_gradient_direction=&#8221;180deg&#8221; background_color_gradient_direction_radial=&#8221;center&#8221; background_color_gradient_start_position=&#8221;0%&#8221; background_color_gradient_end_position=&#8221;100%&#8221; background_color_gradient_overlays_image=&#8221;off&#8221; background_image=&#8221;https:\/\/puertadeordesa.com\/wp-content\/uploads\/2014\/01\/DSC01689.JPG&#8221; parallax=&#8221;off&#8221; parallax_method=&#8221;on&#8221; background_size=&#8221;cover&#8221; background_position=&#8221;center&#8221; background_repeat=&#8221;no-repeat&#8221; background_blend=&#8221;normal&#8221; allow_player_pause=&#8221;off&#8221; use_bg_overlay=&#8221;off&#8221; use_text_overlay=&#8221;off&#8221; text_border_radius=&#8221;3&#8243; alignment=&#8221;center&#8221; background_layout=&#8221;dark&#8221; \/]<\/p>\n<p>[\/et_pb_fullwidth_slider][\/et_pb_section][et_pb_section bb_built=&#8221;1&#8243;][et_pb_row][et_pb_column type=&#8221;4_4&#8243;][et_pb_text]<\/p>\n<p class=\"rtecenter\"><span style=\"font-size: 14px;\"><strong>PIRINEOS, PARQUE NACIONAL DE ORDESA Y MONTE PERDIDO, VALLE DE ORDESA, CA\u00d1\u00d3N DE A\u00d1ISCLO, VALLE DE PINETA, VALLE DE GISTAIN, AINSA ES NUESTRO ENTORNO<\/strong><\/span><\/p>\n<div align=\"justify\">\n<div align=\"justify\">\n<p>En los Pirineos est\u00e1 ubicado Laspu\u00f1a, un pueblo con encanto conocido como Balc\u00f3n del Pirineo por sus espectaculares vistas, un mirador al macizo de Monte Perdido es uno de los sitios m\u00e1s bellos de la zona.<\/p>\n<p class=\"rtecenter\"><span style=\"font-size: 14px;\"><strong>PIRINEOS, PARQUE NACIONAL DE ORDESA Y MONTE PERDIDO, VALLE DE ORDESA, CA\u00d1\u00d3N DE A\u00d1ISCLO, VALLE DE PINETA, VALLE DE GISTAIN, AINSA ES NUESTRO ENTORNO<\/strong><\/span><\/p>\n<div align=\"justify\">\n<div align=\"justify\">\n<p>En los Pirineos est\u00e1 ubicado Laspu\u00f1a, un pueblo con encanto conocido como Balc\u00f3n del Pirineo por sus espectaculares vistas, un mirador al macizo de Monte Perdido es uno de los sitios m\u00e1s bellos de la zona.<\/p>\n<p>Laspu\u00f1a tiene microclima, el emplazamiento al pie de la Pe\u00f1a Monta\u00f1esa, estar en una meseta sobre el r\u00edo Cinca y rodeada por el macizo de Monte Perdido entre otros favorecen un clima suave durante todo el a\u00f1o.<br \/>\nTambi\u00e9n se considera el pueblo como uno de los puntos de partida para realizar todas las excursiones, senderismo, rutas y actividades de aventura.<\/p>\n<p><img loading=\"lazy\" decoding=\"async\" class=\"aligncenter wp-image-131 size-full\" style=\"width: 618px; height: 885px;\" src=\"https:\/\/puertadeordesa.com\/wp-content\/uploads\/2008\/10\/MAPA-SOBRARBE_1.jpg\" alt=\"\" width=\"419\" height=\"600\" srcset=\"https:\/\/puertadeordesa.com\/wp-content\/uploads\/2008\/10\/MAPA-SOBRARBE_1.jpg 419w, https:\/\/puertadeordesa.com\/wp-content\/uploads\/2008\/10\/MAPA-SOBRARBE_1-210x300.jpg 210w\" sizes=\"(max-width: 419px) 100vw, 419px\" \/><\/p>\n<p>La fiesta m\u00e1s conocida de Laspu\u00f1a es el Descenso de Navatas que se celebra uno de los fines de semana de mayo.<\/p>\n<\/div>\n<div align=\"justify\">\n<p>Parque Nacional de Ordesa, rey de los Pirineos. Puerta de Ordesa est\u00e1 en el centro de la comarca de Sobrarbe y a una distancia corta de las tres entradas del Parque Nacional, Valle y Ca\u00f1\u00f3n de A\u00f1isclo, Valle de Pineta, y Valle de Ordesa.<br \/>\nEl Parque de Ordesa es uno de los nueve parques nacionales espa\u00f1oles con una superficie de casi 16000 hect\u00e1reas cuando incorpor\u00f3 hace unos a\u00f1os las \u00e1reas del Ca\u00f1on de A\u00f1isclo, Garganta de Escua\u00edn y el Macizo de Monte Perdido.<\/p>\n<p>Ainsa es el pueblo m\u00e1s importante de la comarca de Sobrarbe, y de los m\u00e1s bellos de los Pirineos, contando con casi 2300 habitantes. Es un pueblo medieval caracterizado por su casco antiguo rom\u00e1nico considerado una joya y declarado como Monumento Nacional. La plaza de A\u00ednsa (de los siglos XII y XIII) es una de las m\u00e1s preciosas de Espa\u00f1a y por su estructura porticada se convierte en el escenario ideal para mercados y ferias.<\/p>\n<p>Visitar los Pirineos y, en concreto el Parque Nacional de Ordesa y Monte Perdido es una maravilla que no te puedes perder.<\/p>\n<\/div>\n<\/div>\n<p style=\"text-align: center;\">\n<\/div>\n<\/div>\n<p>[\/et_pb_text][et_pb_map _builder_version=&#8221;3.0.90&#8243; address=&#8221;42.5027088,0.1530361&#8243; mouse_wheel=&#8221;on&#8221; mobile_dragging=&#8221;on&#8221; use_grayscale_filter=&#8221;off&#8221; \/][\/et_pb_column][\/et_pb_row][\/et_pb_section]<\/p>\n","protected":false},"excerpt":{"rendered":"<p><div class=\"et_pb_row et_pb_row_0 et_pb_row_empty\">\n\t\t\t\t\n\t\t\t\t\n\t\t\t\t\n\t\t\t\t\n\t\t\t\t\n\t\t\t<\/div><div class=\"et_pb_module et_pb_text et_pb_text_0  et_pb_text_align_left et_pb_bg_layout_light\">\n\t\t\t\t\n\t\t\t\t\n\t\t\t\t\n\t\t\t\t\n\t\t\t\t\n\t\t\t<\/div> PIRINEOS, PARQUE NACIONAL DE ORDESA Y MONTE PERDIDO, VALLE DE ORDESA, CA\u00d1\u00d3N DE A\u00d1ISCLO, VALLE DE PINETA, VALLE DE GISTAIN, AINSA ES NUESTRO ENTORNO En los Pirineos est\u00e1 ubicado Laspu\u00f1a, un pueblo con encanto conocido como Balc\u00f3n del Pirineo por sus espectaculares vistas, un mirador al macizo de Monte Perdido es uno de los [&hellip;]<\/p>\n","protected":false},"author":1,"featured_media":0,"parent":0,"menu_order":0,"comment_status":"closed","ping_status":"open","template":"","meta":{"_et_pb_use_builder":"on","_et_pb_old_content":"<p class=\"rtecenter\"><span style=\"font-size: 14px;\"><strong>PIRINEOS, PARQUE NACIONAL DE ORDESA Y MONTE PERDIDO, VALLE DE ORDESA, CA\u00d1\u00d3N DE A\u00d1ISCLO, VALLE DE PINETA, VALLE DE GISTAIN, AINSA ES NUESTRO ENTORNO<\/strong><\/span><\/p><div align=\"justify\"><div align=\"justify\"><p>En los Pirineos est\u00e1 ubicado Laspu\u00f1a, un pueblo con encanto conocido como Balc\u00f3n del Pirineo por sus espectaculares vistas, un mirador al macizo de Monte Perdido es uno de los sitios m\u00e1s bellos de la zona.<\/p><p class=\"rtecenter\"><span style=\"font-size: 14px;\"><strong>PIRINEOS, PARQUE NACIONAL DE ORDESA Y MONTE PERDIDO, VALLE DE ORDESA, CA\u00d1\u00d3N DE A\u00d1ISCLO, VALLE DE PINETA, VALLE DE GISTAIN, AINSA ES NUESTRO ENTORNO<\/strong><\/span><\/p><div align=\"justify\"><div align=\"justify\"><p>En los Pirineos est\u00e1 ubicado Laspu\u00f1a, un pueblo con encanto conocido como Balc\u00f3n del Pirineo por sus espectaculares vistas, un mirador al macizo de Monte Perdido es uno de los sitios m\u00e1s bellos de la zona.<\/p><p>Laspu\u00f1a tiene microclima, el emplazamiento al pie de la Pe\u00f1a Monta\u00f1esa, estar en una meseta sobre el r\u00edo Cinca y rodeada por el macizo de Monte Perdido entre otros favorecen un clima suave durante todo el a\u00f1o.<br \/> Tambi\u00e9n se considera el pueblo como uno de los puntos de partida para realizar todas las excursiones, senderismo, rutas y actividades de aventura.<\/p><p><img class=\"aligncenter wp-image-131 size-full\" style=\"width: 618px; height: 885px;\" src=\"https:\/\/puertadeordesa.com\/wp-content\/uploads\/2008\/10\/MAPA-SOBRARBE_1.jpg\" alt=\"\" width=\"419\" height=\"600\" \/><\/p><p>La fiesta m\u00e1s conocida de Laspu\u00f1a es el Descenso de Navatas que se celebra uno de los fines de semana de mayo.<\/p><\/div><div align=\"justify\"><p>Parque Nacional de Ordesa, rey de los Pirineos. Puerta de Ordesa est\u00e1 en el centro de la comarca de Sobrarbe y a una distancia corta de las tres entradas del Parque Nacional, Valle y Ca\u00f1\u00f3n de A\u00f1isclo, Valle de Pineta, y Valle de Ordesa.<br \/> El Parque de Ordesa es uno de los nueve parques nacionales espa\u00f1oles con una superficie de casi 16000 hect\u00e1reas cuando incorpor\u00f3 hace unos a\u00f1os las \u00e1reas del Ca\u00f1on de A\u00f1isclo, Garganta de Escua\u00edn y el Macizo de Monte Perdido.<\/p><p>Ainsa es el pueblo m\u00e1s importante de la comarca de Sobrarbe, y de los m\u00e1s bellos de los Pirineos, contando con casi 2300 habitantes. Es un pueblo medieval caracterizado por su casco antiguo rom\u00e1nico considerado una joya y declarado como Monumento Nacional. La plaza de A\u00ednsa (de los siglos XII y XIII) es una de las m\u00e1s preciosas de Espa\u00f1a y por su estructura porticada se convierte en el escenario ideal para mercados y ferias.<\/p><p>Visitar los Pirineos y, en concreto el Parque Nacional de Ordesa y Monte Perdido es una maravilla que no te puedes perder.<\/p><\/div><\/div><p style=\"text-align: center;\">\u00a0<\/p><\/div><\/div>","_et_gb_content_width":"","footnotes":""},"class_list":["post-1901","page","type-page","status-publish","hentry"],"_links":{"self":[{"href":"https:\/\/puertadeordesa.com\/ca\/wp-json\/wp\/v2\/pages\/1901","targetHints":{"allow":["GET"]}}],"collection":[{"href":"https:\/\/puertadeordesa.com\/ca\/wp-json\/wp\/v2\/pages"}],"about":[{"href":"https:\/\/puertadeordesa.com\/ca\/wp-json\/wp\/v2\/types\/page"}],"author":[{"embeddable":true,"href":"https:\/\/puertadeordesa.com\/ca\/wp-json\/wp\/v2\/users\/1"}],"replies":[{"embeddable":true,"href":"https:\/\/puertadeordesa.com\/ca\/wp-json\/wp\/v2\/comments?post=1901"}],"version-history":[{"count":2,"href":"https:\/\/puertadeordesa.com\/ca\/wp-json\/wp\/v2\/pages\/1901\/revisions"}],"predecessor-version":[{"id":1903,"href":"https:\/\/puertadeordesa.com\/ca\/wp-json\/wp\/v2\/pages\/1901\/revisions\/1903"}],"wp:attachment":[{"href":"https:\/\/puertadeordesa.com\/ca\/wp-json\/wp\/v2\/media?parent=1901"}],"curies":[{"name":"wp","href":"https:\/\/api.w.org\/{rel}","templated":true}]}}