{"id":1882,"date":"2018-04-17T06:01:14","date_gmt":"2018-04-17T06:01:14","guid":{"rendered":"https:\/\/puertadeordesa.com\/actividades\/"},"modified":"2018-04-20T10:36:07","modified_gmt":"2018-04-20T10:36:07","slug":"activitats","status":"publish","type":"page","link":"https:\/\/puertadeordesa.com\/ca\/activitats\/","title":{"rendered":"Activitats"},"content":{"rendered":"<div class=\"pt-cv-wrapper et_smooth_scroll_disabled\"><div class=\"pt-cv-view pt-cv-grid pt-cv-colsys pt-cv-same-height pt-cv-content-hover pt-cv-clickable pt-cv-force-mask pt-cv-overlay-middle pt-cv-pgregular\" id=\"pt-cv-view-9f6af9fgo2\"><div data-id=\"pt-cv-page-1\" class=\"pt-cv-page\" data-cvc=\"4\" data-cvct=\"2\" data-cvcm=\"1\"><div class=\"col-md-3 col-sm-6 col-xs-12 pt-cv-content-item pt-cv-1-col\"  data-pid=\"1618\"><div class='pt-cv-ifield'><div class=\"pt-cv-hover-wrapper\"><a href=\"https:\/\/puertadeordesa.com\/ca\/entorno\/rutas-btt-pirineo-zz-007-ruta-bajo-penas\/\" class=\"_self pt-cv-href-thumbnail pt-cv-thumb-default cvplbd cvp-lazy-container cvp-responsive-image img-none\" target=\"_self\" data-iw=\"400\" data-ih=\"284\"><img loading=\"lazy\" decoding=\"async\" width=\"400\" height=\"284\" src=\"https:\/\/puertadeordesa.com\/wp-content\/plugins\/pt-content-views-pro\/public\/assets\/images\/lazy_image.png\" class=\"pt-cv-thumbnail img-none skip-lazy  cvplazy\" alt=\"btt pirineos\" data-no-lazy=\"1\" data-cvpsrc=\"https:\/\/puertadeordesa.com\/wp-content\/uploads\/2013\/08\/0-BTT5-400x284.jpg\" \/><\/a><div class=\"pt-cv-mask\"><h4 class=\"pt-cv-animation-left pt-cv-title\"><a href=\"https:\/\/puertadeordesa.com\/ca\/entorno\/rutas-btt-pirineo-zz-007-ruta-bajo-penas\/\" class=\"_self cvplbd\" target=\"_self\" >RUTAS BTT PIRINEO &#8211; ZZ-007 Ruta Bajo Pe\u00f1as<\/a><\/h4><div class=\"pt-cv-animation-right pt-cv-content\">Desde A\u00ednsa y guiados por la impresionante Pe\u00f1a Monta\u00f1esa podremos disfrutar de senderos y trialeras de subidas y bajadas. Considerable ...<br \/><div class=\"pt-cv-rmwrap\"><a href=\"https:\/\/puertadeordesa.com\/ca\/entorno\/rutas-btt-pirineo-zz-007-ruta-bajo-penas\/\" class=\"_self pt-cv-readmore btn btn-success cvplbd\" target=\"_self\">Leer M\u00e1s<\/a><\/div><\/div><\/div><\/div><\/div><\/div>\n<div class=\"col-md-3 col-sm-6 col-xs-12 pt-cv-content-item pt-cv-1-col\"  data-pid=\"1614\"><div class='pt-cv-ifield'><div class=\"pt-cv-hover-wrapper\"><a href=\"https:\/\/puertadeordesa.com\/ca\/entorno\/rutas-btt-pirineo-zz-006-trilogia-de-san-vicente\/\" class=\"_self pt-cv-href-thumbnail pt-cv-thumb-default cvplbd cvp-lazy-container cvp-responsive-image img-none\" target=\"_self\" data-iw=\"400\" data-ih=\"284\"><img loading=\"lazy\" decoding=\"async\" width=\"400\" height=\"284\" src=\"https:\/\/puertadeordesa.com\/wp-content\/plugins\/pt-content-views-pro\/public\/assets\/images\/lazy_image.png\" class=\"pt-cv-thumbnail img-none skip-lazy  cvplazy\" alt=\"btt pirineos\" data-no-lazy=\"1\" data-cvpsrc=\"https:\/\/puertadeordesa.com\/wp-content\/uploads\/2013\/08\/0-BTT4-400x284.jpg\" \/><\/a><div class=\"pt-cv-mask\"><h4 class=\"pt-cv-animation-left pt-cv-title\"><a href=\"https:\/\/puertadeordesa.com\/ca\/entorno\/rutas-btt-pirineo-zz-006-trilogia-de-san-vicente\/\" class=\"_self cvplbd\" target=\"_self\" data-iw=\"400\" data-ih=\"284\">Rutas BTT PIRINEO &#8211; ZZ-006 Trilog\u00eda de San Vicente<\/a><\/h4><div class=\"pt-cv-animation-right pt-cv-content\"> ...<br \/><div class=\"pt-cv-rmwrap\"><a href=\"https:\/\/puertadeordesa.com\/ca\/entorno\/rutas-btt-pirineo-zz-006-trilogia-de-san-vicente\/\" class=\"_self pt-cv-readmore btn btn-success cvplbd\" target=\"_self\" data-iw=\"400\" data-ih=\"284\">Leer M\u00e1s<\/a><\/div><\/div><\/div><\/div><\/div><\/div>\n<div class=\"col-md-3 col-sm-6 col-xs-12 pt-cv-content-item pt-cv-1-col\"  data-pid=\"1610\"><div class='pt-cv-ifield'><div class=\"pt-cv-hover-wrapper\"><a href=\"https:\/\/puertadeordesa.com\/ca\/entorno\/rutas-btt-pirineo-zz-002-vuelta-a-la-pena-montanesa\/\" class=\"_self pt-cv-href-thumbnail pt-cv-thumb-default cvplbd cvp-lazy-container cvp-responsive-image img-none\" target=\"_self\" data-iw=\"400\" data-ih=\"284\"><img loading=\"lazy\" decoding=\"async\" width=\"400\" height=\"284\" src=\"https:\/\/puertadeordesa.com\/wp-content\/plugins\/pt-content-views-pro\/public\/assets\/images\/lazy_image.png\" class=\"pt-cv-thumbnail img-none skip-lazy  cvplazy\" alt=\"Rutas bicicleta Pirineos\" data-no-lazy=\"1\" data-cvpsrc=\"https:\/\/puertadeordesa.com\/wp-content\/uploads\/2013\/08\/0-BTT3-400x284.jpg\" \/><\/a><div class=\"pt-cv-mask\"><h4 class=\"pt-cv-animation-left pt-cv-title\"><a href=\"https:\/\/puertadeordesa.com\/ca\/entorno\/rutas-btt-pirineo-zz-002-vuelta-a-la-pena-montanesa\/\" class=\"_self cvplbd\" target=\"_self\" data-iw=\"400\" data-ih=\"284\">RUTAS BTT PIRINEO &#8211; ZZ-002 Vuelta a la Pe\u00f1a Monta\u00f1esa<\/a><\/h4><div class=\"pt-cv-animation-right pt-cv-content\"> ...<br \/><div class=\"pt-cv-rmwrap\"><a href=\"https:\/\/puertadeordesa.com\/ca\/entorno\/rutas-btt-pirineo-zz-002-vuelta-a-la-pena-montanesa\/\" class=\"_self pt-cv-readmore btn btn-success cvplbd\" target=\"_self\" data-iw=\"400\" data-ih=\"284\">Leer M\u00e1s<\/a><\/div><\/div><\/div><\/div><\/div><\/div>\n<div class=\"col-md-3 col-sm-6 col-xs-12 pt-cv-content-item pt-cv-1-col\"  data-pid=\"1606\"><div class='pt-cv-ifield'><div class=\"pt-cv-hover-wrapper\"><a href=\"https:\/\/puertadeordesa.com\/ca\/entorno\/rutas-btt-pirineo-zz-004-miradores-de-ainsa-y-morillo\/\" class=\"_self pt-cv-href-thumbnail pt-cv-thumb-default cvplbd cvp-lazy-container cvp-responsive-image img-none\" target=\"_self\" data-iw=\"400\" data-ih=\"284\"><img loading=\"lazy\" decoding=\"async\" width=\"400\" height=\"284\" src=\"https:\/\/puertadeordesa.com\/wp-content\/plugins\/pt-content-views-pro\/public\/assets\/images\/lazy_image.png\" class=\"pt-cv-thumbnail img-none skip-lazy  cvplazy\" alt=\"Rutas bicicleta Pirineos\" data-no-lazy=\"1\" data-cvpsrc=\"https:\/\/puertadeordesa.com\/wp-content\/uploads\/2013\/08\/0-BTT2-400x284.jpg\" \/><\/a><div class=\"pt-cv-mask\"><h4 class=\"pt-cv-animation-left pt-cv-title\"><a href=\"https:\/\/puertadeordesa.com\/ca\/entorno\/rutas-btt-pirineo-zz-004-miradores-de-ainsa-y-morillo\/\" class=\"_self cvplbd\" target=\"_self\" data-iw=\"400\" data-ih=\"284\">RUTAS BTT PIRINEO &#8211; ZZ-004 Miradores de A\u00ednsa y Morillo<\/a><\/h4><div class=\"pt-cv-animation-right pt-cv-content\"> ...<br \/><div class=\"pt-cv-rmwrap\"><a href=\"https:\/\/puertadeordesa.com\/ca\/entorno\/rutas-btt-pirineo-zz-004-miradores-de-ainsa-y-morillo\/\" class=\"_self pt-cv-readmore btn btn-success cvplbd\" target=\"_self\" data-iw=\"400\" data-ih=\"284\">Leer M\u00e1s<\/a><\/div><\/div><\/div><\/div><\/div><\/div>\n<div class=\"col-md-3 col-sm-6 col-xs-12 pt-cv-content-item pt-cv-1-col\"  data-pid=\"1602\"><div class='pt-cv-ifield'><div class=\"pt-cv-hover-wrapper\"><a href=\"https:\/\/puertadeordesa.com\/ca\/entorno\/rutas-btt-pirineo-zz-001-torre-y-esconjuradero-de-guaso\/\" class=\"_self pt-cv-href-thumbnail pt-cv-thumb-default cvplbd cvp-lazy-container cvp-responsive-image img-none\" target=\"_self\" data-iw=\"400\" data-ih=\"284\"><img loading=\"lazy\" decoding=\"async\" width=\"400\" height=\"284\" src=\"https:\/\/puertadeordesa.com\/wp-content\/plugins\/pt-content-views-pro\/public\/assets\/images\/lazy_image.png\" class=\"pt-cv-thumbnail img-none skip-lazy  cvplazy\" alt=\"btt pirineos\" data-no-lazy=\"1\" data-cvpsrc=\"https:\/\/puertadeordesa.com\/wp-content\/uploads\/2013\/08\/0-BTT1-400x284.jpg\" \/><\/a><div class=\"pt-cv-mask\"><h4 class=\"pt-cv-animation-left pt-cv-title\"><a href=\"https:\/\/puertadeordesa.com\/ca\/entorno\/rutas-btt-pirineo-zz-001-torre-y-esconjuradero-de-guaso\/\" class=\"_self cvplbd\" target=\"_self\" data-iw=\"400\" data-ih=\"284\">Rutas BTT PIRINEO &#8211; ZZ-001 Torre y Esconjuradero de Guaso<\/a><\/h4><div class=\"pt-cv-animation-right pt-cv-content\">Si est\u00e1s inici\u00e1ndote en la btt, quieres hacer un recorrido en familia o, simplemente quieres disfrutar de uno de los ...<br \/><div class=\"pt-cv-rmwrap\"><a href=\"https:\/\/puertadeordesa.com\/ca\/entorno\/rutas-btt-pirineo-zz-001-torre-y-esconjuradero-de-guaso\/\" class=\"_self pt-cv-readmore btn btn-success cvplbd\" target=\"_self\" data-iw=\"400\" data-ih=\"284\">Leer M\u00e1s<\/a><\/div><\/div><\/div><\/div><\/div><\/div>\n<div class=\"col-md-3 col-sm-6 col-xs-12 pt-cv-content-item pt-cv-1-col\"  data-pid=\"1589\"><div class='pt-cv-ifield'><div class=\"pt-cv-hover-wrapper\"><a href=\"https:\/\/puertadeordesa.com\/ca\/entorno\/rios-del-pirineo\/\" class=\"_self pt-cv-href-thumbnail pt-cv-thumb-default cvplbd cvp-lazy-container cvp-responsive-image img-none\" target=\"_self\" data-iw=\"400\" data-ih=\"284\"><img loading=\"lazy\" decoding=\"async\" width=\"400\" height=\"284\" src=\"https:\/\/puertadeordesa.com\/wp-content\/plugins\/pt-content-views-pro\/public\/assets\/images\/lazy_image.png\" class=\"pt-cv-thumbnail img-none skip-lazy  cvplazy\" alt=\"R\u00edos del Pirineo, lugares para ba\u00f1arse en el Pirineo\" data-no-lazy=\"1\" data-cvpsrc=\"https:\/\/puertadeordesa.com\/wp-content\/uploads\/2012\/07\/RIOS-19-400x284.jpg\" \/><\/a><div class=\"pt-cv-mask\"><h4 class=\"pt-cv-animation-left pt-cv-title\"><a href=\"https:\/\/puertadeordesa.com\/ca\/entorno\/rios-del-pirineo\/\" class=\"_self cvplbd\" target=\"_self\" data-iw=\"400\" data-ih=\"284\">R\u00cdOS DEL PIRINEO<\/a><\/h4><div class=\"pt-cv-animation-right pt-cv-content\">R\u00edos del Pirineo y su piscinas naturales y zonas de ba\u00f1o en Laspu\u00f1a \u2013 R\u00edo Cinca Laspu\u00f1a es un destino ...<br \/><div class=\"pt-cv-rmwrap\"><a href=\"https:\/\/puertadeordesa.com\/ca\/entorno\/rios-del-pirineo\/\" class=\"_self pt-cv-readmore btn btn-success cvplbd\" target=\"_self\" data-iw=\"400\" data-ih=\"284\">Leer M\u00e1s<\/a><\/div><\/div><\/div><\/div><\/div><\/div>\n<div class=\"col-md-3 col-sm-6 col-xs-12 pt-cv-content-item pt-cv-1-col\"  data-pid=\"1567\"><div class='pt-cv-ifield'><div class=\"pt-cv-hover-wrapper\"><a href=\"https:\/\/puertadeordesa.com\/ca\/entorno\/las-rutas-mas-famosas-del-pirineo-tella-y-alrededores\/\" class=\"_self pt-cv-href-thumbnail pt-cv-thumb-default cvplbd cvp-lazy-container cvp-responsive-image img-none\" target=\"_self\" data-iw=\"400\" data-ih=\"284\"><img loading=\"lazy\" decoding=\"async\" width=\"400\" height=\"284\" src=\"https:\/\/puertadeordesa.com\/wp-content\/plugins\/pt-content-views-pro\/public\/assets\/images\/lazy_image.png\" class=\"pt-cv-thumbnail img-none skip-lazy  cvplazy\" alt=\"tella (10).JPG\" data-no-lazy=\"1\" data-cvpsrc=\"https:\/\/puertadeordesa.com\/wp-content\/uploads\/2012\/07\/tella-10-400x284.jpg\" \/><\/a><div class=\"pt-cv-mask\"><h4 class=\"pt-cv-animation-left pt-cv-title\"><a href=\"https:\/\/puertadeordesa.com\/ca\/entorno\/las-rutas-mas-famosas-del-pirineo-tella-y-alrededores\/\" class=\"_self cvplbd\" target=\"_self\" data-iw=\"400\" data-ih=\"284\">LAS RUTAS M\u00c1S FAMOSAS DEL PIRINEO: Tella y Alrededores<\/a><\/h4><div class=\"pt-cv-animation-right pt-cv-content\">Rutas de senderismo y trekking en el Pirineo Aragon\u00e9s El Pirineo Aragon\u00e9s ofrece algunas de las rutas de senderismo y ...<br \/><div class=\"pt-cv-rmwrap\"><a href=\"https:\/\/puertadeordesa.com\/ca\/entorno\/las-rutas-mas-famosas-del-pirineo-tella-y-alrededores\/\" class=\"_self pt-cv-readmore btn btn-success cvplbd\" target=\"_self\" data-iw=\"400\" data-ih=\"284\">Leer M\u00e1s<\/a><\/div><\/div><\/div><\/div><\/div><\/div>\n<div class=\"col-md-3 col-sm-6 col-xs-12 pt-cv-content-item pt-cv-1-col\"  data-pid=\"1557\"><div class='pt-cv-ifield'><div class=\"pt-cv-hover-wrapper\"><a href=\"https:\/\/puertadeordesa.com\/ca\/entorno\/las-rutas-mas-famosas-del-pirineo-valle-de-gistain\/\" class=\"_self pt-cv-href-thumbnail pt-cv-thumb-default cvplbd cvp-lazy-container cvp-responsive-image img-none\" target=\"_self\" data-iw=\"400\" data-ih=\"284\"><img loading=\"lazy\" decoding=\"async\" width=\"400\" height=\"284\" src=\"https:\/\/puertadeordesa.com\/wp-content\/plugins\/pt-content-views-pro\/public\/assets\/images\/lazy_image.png\" class=\"pt-cv-thumbnail img-none skip-lazy  cvplazy\" alt=\"Rutas y Senderismo en el Pirineo y Valle de Gista\u00edn\" data-no-lazy=\"1\" data-cvpsrc=\"https:\/\/puertadeordesa.com\/wp-content\/uploads\/2012\/07\/basa-de-la-mora-ibon-de-plan-400x284.jpg\" \/><\/a><div class=\"pt-cv-mask\"><h4 class=\"pt-cv-animation-left pt-cv-title\"><a href=\"https:\/\/puertadeordesa.com\/ca\/entorno\/las-rutas-mas-famosas-del-pirineo-valle-de-gistain\/\" class=\"_self cvplbd\" target=\"_self\" data-iw=\"400\" data-ih=\"284\">RUTAS DEL PIRINEO: Valle de Gista\u00edn<\/a><\/h4><div class=\"pt-cv-animation-right pt-cv-content\">Rutas del Pirineo: Rutas de senderismo y trekking en el Valle de Gista\u00edn (Valle de Chistau) El Valle de Gista\u00edn, ...<br \/><div class=\"pt-cv-rmwrap\"><a href=\"https:\/\/puertadeordesa.com\/ca\/entorno\/las-rutas-mas-famosas-del-pirineo-valle-de-gistain\/\" class=\"_self pt-cv-readmore btn btn-success cvplbd\" target=\"_self\" data-iw=\"400\" data-ih=\"284\">Leer M\u00e1s<\/a><\/div><\/div><\/div><\/div><\/div><\/div>\n<div class=\"col-md-3 col-sm-6 col-xs-12 pt-cv-content-item pt-cv-1-col\"  data-pid=\"1535\"><div class='pt-cv-ifield'><div class=\"pt-cv-hover-wrapper\"><a href=\"https:\/\/puertadeordesa.com\/ca\/entorno\/las-rutas-mas-famosas-del-pirineo-valle-de-ordesa\/\" class=\"_self pt-cv-href-thumbnail pt-cv-thumb-default cvplbd cvp-lazy-container cvp-responsive-image img-none\" target=\"_self\" data-iw=\"400\" data-ih=\"284\"><img loading=\"lazy\" decoding=\"async\" width=\"200\" height=\"150\" src=\"https:\/\/puertadeordesa.com\/wp-content\/plugins\/pt-content-views-pro\/public\/assets\/images\/lazy_image.png\" class=\"pt-cv-thumbnail img-none skip-lazy  cvplazy\" alt=\"Excursiones en el Pirineo, Rutas en el Valle de Ordesa\" data-no-lazy=\"1\" data-cvpsrc=\"https:\/\/puertadeordesa.com\/wp-content\/uploads\/2012\/07\/puertadeordesa-00012.thumbnail.jpg\" \/><\/a><div class=\"pt-cv-mask\"><h4 class=\"pt-cv-animation-left pt-cv-title\"><a href=\"https:\/\/puertadeordesa.com\/ca\/entorno\/las-rutas-mas-famosas-del-pirineo-valle-de-ordesa\/\" class=\"_self cvplbd\" target=\"_self\" data-iw=\"400\" data-ih=\"284\">RUTAS DEL PIRINEO: Valle de Ordesa<\/a><\/h4><div class=\"pt-cv-animation-right pt-cv-content\">Rutas del Pirineo: Valle de Ordesa Rutas de senderismo y trekking en el Valle de Ordesa Parque Nacional de Ordesa ...<br \/><div class=\"pt-cv-rmwrap\"><a href=\"https:\/\/puertadeordesa.com\/ca\/entorno\/las-rutas-mas-famosas-del-pirineo-valle-de-ordesa\/\" class=\"_self pt-cv-readmore btn btn-success cvplbd\" target=\"_self\" data-iw=\"400\" data-ih=\"284\">Leer M\u00e1s<\/a><\/div><\/div><\/div><\/div><\/div><\/div>\n<div class=\"col-md-3 col-sm-6 col-xs-12 pt-cv-content-item pt-cv-1-col\"  data-pid=\"1525\"><div class='pt-cv-ifield'><div class=\"pt-cv-hover-wrapper\"><a href=\"https:\/\/puertadeordesa.com\/ca\/entorno\/las-rutas-mas-famosas-del-pirineo-valle-de-anisclo\/\" class=\"_self pt-cv-href-thumbnail pt-cv-thumb-default cvplbd cvp-lazy-container cvp-responsive-image img-none\" target=\"_self\" data-iw=\"400\" data-ih=\"284\"><img loading=\"lazy\" decoding=\"async\" width=\"400\" height=\"284\" src=\"https:\/\/puertadeordesa.com\/wp-content\/plugins\/pt-content-views-pro\/public\/assets\/images\/lazy_image.png\" class=\"pt-cv-thumbnail img-none skip-lazy  cvplazy\" alt=\"Excursiones en el Pirineo\" data-no-lazy=\"1\" data-cvpsrc=\"https:\/\/puertadeordesa.com\/wp-content\/uploads\/2012\/07\/03-Ca\u00f1on-de-A\u00f1isclo-copia-400x284.jpg\" \/><\/a><div class=\"pt-cv-mask\"><h4 class=\"pt-cv-animation-left pt-cv-title\"><a href=\"https:\/\/puertadeordesa.com\/ca\/entorno\/las-rutas-mas-famosas-del-pirineo-valle-de-anisclo\/\" class=\"_self cvplbd\" target=\"_self\" data-iw=\"400\" data-ih=\"284\">LAS RUTAS M\u00c1S FAMOSAS DEL PIRINEO: Valle de A\u00f1isclo<\/a><\/h4><div class=\"pt-cv-animation-right pt-cv-content\">RUTAS M\u00c1S CARACTER\u00cdSTICAS DEL PIRINEO, SENDERISMO EN EL PIRINEO, TREKKING EN EL PIRINEORUTAS EN EL VALLE DE A\u00d1ISCLO Y ESCUA\u00cdN ...<br \/><div class=\"pt-cv-rmwrap\"><a href=\"https:\/\/puertadeordesa.com\/ca\/entorno\/las-rutas-mas-famosas-del-pirineo-valle-de-anisclo\/\" class=\"_self pt-cv-readmore btn btn-success cvplbd\" target=\"_self\" data-iw=\"400\" data-ih=\"284\">Leer M\u00e1s<\/a><\/div><\/div><\/div><\/div><\/div><\/div>\n<div class=\"col-md-3 col-sm-6 col-xs-12 pt-cv-content-item pt-cv-1-col\"  data-pid=\"1515\"><div class='pt-cv-ifield'><div class=\"pt-cv-hover-wrapper\"><a href=\"https:\/\/puertadeordesa.com\/ca\/entorno\/las-rutas-mas-famosas-del-pirineo-valle-de-pineta\/\" class=\"_self pt-cv-href-thumbnail pt-cv-thumb-default cvplbd cvp-lazy-container cvp-responsive-image img-none\" target=\"_self\" data-iw=\"400\" data-ih=\"284\"><img loading=\"lazy\" decoding=\"async\" width=\"400\" height=\"284\" src=\"https:\/\/puertadeordesa.com\/wp-content\/plugins\/pt-content-views-pro\/public\/assets\/images\/lazy_image.png\" class=\"pt-cv-thumbnail img-none skip-lazy  cvplazy\" alt=\"Balc\u00f3n de Pineta. Pirineos\" data-no-lazy=\"1\" data-cvpsrc=\"https:\/\/puertadeordesa.com\/wp-content\/uploads\/2012\/07\/marbore-valle-pineta-400x284.jpg\" \/><\/a><div class=\"pt-cv-mask\"><h4 class=\"pt-cv-animation-left pt-cv-title\"><a href=\"https:\/\/puertadeordesa.com\/ca\/entorno\/las-rutas-mas-famosas-del-pirineo-valle-de-pineta\/\" class=\"_self cvplbd\" target=\"_self\" data-iw=\"400\" data-ih=\"284\">LAS RUTAS M\u00c1S FAMOSAS DEL PIRINEO: Valle de Pineta<\/a><\/h4><div class=\"pt-cv-animation-right pt-cv-content\">RUTAS M\u00c1S CARACTER\u00cdSTICAS DEL PIRINEO, SENDERISMO EN EL PIRINEO, TREKKING EN EL PIRINEORUTAS EN EL VALLE DE PINETA ...<br \/><div class=\"pt-cv-rmwrap\"><a href=\"https:\/\/puertadeordesa.com\/ca\/entorno\/las-rutas-mas-famosas-del-pirineo-valle-de-pineta\/\" class=\"_self pt-cv-readmore btn btn-success cvplbd\" target=\"_self\" data-iw=\"400\" data-ih=\"284\">Leer M\u00e1s<\/a><\/div><\/div><\/div><\/div><\/div><\/div>\n<div class=\"col-md-3 col-sm-6 col-xs-12 pt-cv-content-item pt-cv-1-col\"  data-pid=\"1502\"><div class='pt-cv-ifield'><div class=\"pt-cv-hover-wrapper\"><a href=\"https:\/\/puertadeordesa.com\/ca\/entorno\/valles-del-pirineo-aragones-pueblos-y-turismo-rural\/\" class=\"_self pt-cv-href-thumbnail pt-cv-thumb-default cvplbd cvp-lazy-container cvp-responsive-image img-none\" target=\"_self\" data-iw=\"400\" data-ih=\"284\"><img loading=\"lazy\" decoding=\"async\" width=\"389\" height=\"260\" src=\"https:\/\/puertadeordesa.com\/wp-content\/plugins\/pt-content-views-pro\/public\/assets\/images\/lazy_image.png\" class=\"pt-cv-thumbnail img-none skip-lazy  cvplazy\" alt=\"Valles del Pirineo\" data-no-lazy=\"1\" data-cvpsrc=\"https:\/\/puertadeordesa.com\/wp-content\/uploads\/2012\/07\/01-R\u00edo-Bellos-con-la-Pe\u00f1a-Monta\u00f1esa-copia.jpg\" \/><\/a><div class=\"pt-cv-mask\"><h4 class=\"pt-cv-animation-left pt-cv-title\"><a href=\"https:\/\/puertadeordesa.com\/ca\/entorno\/valles-del-pirineo-aragones-pueblos-y-turismo-rural\/\" class=\"_self cvplbd\" target=\"_self\" data-iw=\"400\" data-ih=\"284\">VALLES DEL PIRINEO ARAGON\u00c9S, PUEBLOS Y TURISMO RURAL<\/a><\/h4><div class=\"pt-cv-animation-right pt-cv-content\">El Pirineo aragon\u00e9s es uno de los lugares m\u00e1s valiosos de la geograf\u00eda espa\u00f1ola, ya no s\u00f3lo por ru riqueza ...<br \/><div class=\"pt-cv-rmwrap\"><a href=\"https:\/\/puertadeordesa.com\/ca\/entorno\/valles-del-pirineo-aragones-pueblos-y-turismo-rural\/\" class=\"_self pt-cv-readmore btn btn-success cvplbd\" target=\"_self\" data-iw=\"400\" data-ih=\"284\">Leer M\u00e1s<\/a><\/div><\/div><\/div><\/div><\/div><\/div><\/div><\/div>\n<div class=\"text-left pt-cv-pagination-wrapper\"><ul class=\"pt-cv-pagination pt-cv-ajax pagination\" data-totalpages=\"2\" data-currentpage=\"1\" data-sid=\"9f6af9fgo2\" data-unid=\"\" data-isblock=\"\" data-postid=\"\"><li class=\"active\"><a href=\"#\">1<\/a><\/li>\n\t<li ><a class=\"\" href=\"https:\/\/puertadeordesa.com\/ca\/wp-json\/wp\/v2\/pages\/1882\/?_page=2\">2<\/a><\/li>\n\t<li ><a class=\" \" href=\"https:\/\/puertadeordesa.com\/ca\/wp-json\/wp\/v2\/pages\/1882\/?_page=2\">&rsaquo;<\/a><\/li>\n\t<\/ul><img loading=\"lazy\" decoding=\"async\" width=\"15\" height=\"15\" class=\"pt-cv-spinner\" alt=\"Loading...\" src=\"data:image\/gif;base64,R0lGODlhDwAPALMPAMrKygwMDJOTkz09PZWVla+vr3p6euTk5M7OzuXl5TMzMwAAAJmZmWZmZszMzP\/\/\/yH\/C05FVFNDQVBFMi4wAwEAAAAh+QQFCgAPACwAAAAADwAPAAAEQvDJaZaZOIcV8iQK8VRX4iTYoAwZ4iCYoAjZ4RxejhVNoT+mRGP4cyF4Pp0N98sBGIBMEMOotl6YZ3S61Bmbkm4mAgAh+QQFCgAPACwAAAAADQANAAAENPDJSRSZeA418itN8QiK8BiLITVsFiyBBIoYqnoewAD4xPw9iY4XLGYSjkQR4UAUD45DLwIAIfkEBQoADwAsAAAAAA8ACQAABC\/wyVlamTi3nSdgwFNdhEJgTJoNyoB9ISYoQmdjiZPcj7EYCAeCF1gEDo4Dz2eIAAAh+QQFCgAPACwCAAAADQANAAAEM\/DJBxiYeLKdX3IJZT1FU0iIg2RNKx3OkZVnZ98ToRD4MyiDnkAh6BkNC0MvsAj0kMpHBAAh+QQFCgAPACwGAAAACQAPAAAEMDC59KpFDll73HkAA2wVY5KgiK5b0RRoI6MuzG6EQqCDMlSGheEhUAgqgUUAFRySIgAh+QQFCgAPACwCAAIADQANAAAEM\/DJKZNLND\/kkKaHc3xk+QAMYDKsiaqmZCxGVjSFFCxB1vwy2oOgIDxuucxAMTAJFAJNBAAh+QQFCgAPACwAAAYADwAJAAAEMNAs86q1yaWwwv2Ig0jUZx3OYa4XoRAfwADXoAwfo1+CIjyFRuEho60aSNYlOPxEAAAh+QQFCgAPACwAAAIADQANAAAENPA9s4y8+IUVcqaWJ4qEQozSoAzoIyhCK2NFU2SJk0hNnyEOhKR2AzAAj4Pj4GE4W0bkJQIAOw==\" \/><div class=\"clear pt-cv-clear-pagination\"><\/div><\/div><\/div>\t\t\t<style type=\"text\/css\" id=\"pt-cv-inline-style-23823578zx\">#pt-cv-view-9f6af9fgo2 .pt-cv-title a, #pt-cv-view-9f6af9fgo2  .panel-title { font-weight: 600 !important; }\n#pt-cv-view-9f6af9fgo2  .pt-cv-title a:hover, #pt-cv-view-9f6af9fgo2  .panel-title:hover   { display: block !important; text-align: center !important; clear: both !important; }\n#pt-cv-view-9f6af9fgo2  .pt-cv-hover-wrapper::before   { background-color: rgba(0,0,0,.3) !important; }\n#pt-cv-view-9f6af9fgo2  .pt-cv-content-item:hover .pt-cv-hover-wrapper::before   { background-color: rgba(51,51,51,.6) !important; }\n#pt-cv-view-9f6af9fgo2:not(.pt-cv-nohover) .pt-cv-mask *   { color: #fff; }\n#pt-cv-view-9f6af9fgo2 .pt-cv-readmore  { color: #ffffff !important; background-color: #00aeef !important; }\n#pt-cv-view-9f6af9fgo2 .pt-cv-readmore:hover  { color: #ffffff !important; background-color: #00aeef !important; }\n#pt-cv-view-9f6af9fgo2  + .pt-cv-pagination-wrapper .pt-cv-more , #pt-cv-view-9f6af9fgo2  + .pt-cv-pagination-wrapper .pagination .active a, .pt-cv-pagination[data-sid='9f6af9fgo2'] .active a { color: #ffffff !important; background-color: #00aeef !important; }\n#pt-cv-view-9f6af9fgo2 .cvp-responsive-image[style*=\"background-image\"] { width: 400px; max-height: 284px; overflow: hidden; aspect-ratio: 1.4084507042254 }\n#pt-cv-view-9f6af9fgo2 .cvp-responsive-image img { max-width: 400px; max-height: 284px; aspect-ratio: 1.4084507042254 }<\/style>\r\n\t\t\t\n","protected":false},"excerpt":{"rendered":"","protected":false},"author":1,"featured_media":0,"parent":0,"menu_order":0,"comment_status":"closed","ping_status":"open","template":"","meta":{"_et_pb_use_builder":"","_et_pb_old_content":"","_et_gb_content_width":"","footnotes":""},"class_list":["post-1882","page","type-page","status-publish","hentry"],"_links":{"self":[{"href":"https:\/\/puertadeordesa.com\/ca\/wp-json\/wp\/v2\/pages\/1882","targetHints":{"allow":["GET"]}}],"collection":[{"href":"https:\/\/puertadeordesa.com\/ca\/wp-json\/wp\/v2\/pages"}],"about":[{"href":"https:\/\/puertadeordesa.com\/ca\/wp-json\/wp\/v2\/types\/page"}],"author":[{"embeddable":true,"href":"https:\/\/puertadeordesa.com\/ca\/wp-json\/wp\/v2\/users\/1"}],"replies":[{"embeddable":true,"href":"https:\/\/puertadeordesa.com\/ca\/wp-json\/wp\/v2\/comments?post=1882"}],"version-history":[{"count":1,"href":"https:\/\/puertadeordesa.com\/ca\/wp-json\/wp\/v2\/pages\/1882\/revisions"}],"predecessor-version":[{"id":1894,"href":"https:\/\/puertadeordesa.com\/ca\/wp-json\/wp\/v2\/pages\/1882\/revisions\/1894"}],"wp:attachment":[{"href":"https:\/\/puertadeordesa.com\/ca\/wp-json\/wp\/v2\/media?parent=1882"}],"curies":[{"name":"wp","href":"https:\/\/api.w.org\/{rel}","templated":true}]}}